{"id":2592,"date":"2019-05-04T10:42:17","date_gmt":"2019-05-04T10:42:17","guid":{"rendered":"http:\/\/esporttalentcanarias.es\/?page_id=2592"},"modified":"2021-04-29T07:15:27","modified_gmt":"2021-04-29T07:15:27","slug":"inscripcion-como-miembro-de-la-asociacion-esports-y-deporte-digital","status":"publish","type":"page","link":"https:\/\/esporttalentcanarias.es\/en\/inscripcion-como-miembro-de-la-asociacion-esports-y-deporte-digital\/","title":{"rendered":"Inscripci\u00f3n como miembro de la Asociaci\u00f3n eSports y Deporte Digital"},"content":{"rendered":"<section id=\"bt_bb_section69e3469736d83\" class=\"bt_bb_section bt_bb_layout_boxed_1200\"  data-bt-override-class=\"null\"><div class=\"bt_bb_port\"><div class=\"bt_bb_cell\"><div class=\"bt_bb_cell_inner\"><div class=\"bt_bb_row_wrapper\"><div  class=\"bt_bb_row\"  data-bt-override-class=\"{}\"><div  class=\"bt_bb_column col-xl-12 bt_bb_vertical_align_top bt_bb_align_left bt_bb_padding_normal\"  data-width=\"12\" data-bt-override-class=\"{}\"><div class=\"bt_bb_column_content\"><div class=\"bt_bb_column_content_inner\"><div  class=\"bt_bb_text\" ><h1 style=\"text-align: left;\">Inscripci\u00f3n como miembro de la Asociaci\u00f3n eSports y Deporte Digital<\/h1>\n<p style=\"text-align: left;\">En cumplimiento de lo dispuesto en el art\u00edculo 13 del Reglamento (UE) 2016\/679 del Parlamento Europeo y del Consejo, de 27 de abril de 2016, relativo a la protecci\u00f3n de las personas f\u00edsicas en lo que respecta al tratamiento de datos personales y a la libre circulaci\u00f3n de esos datos (RGPD), la \u201cAsociaci\u00f3n eSport y Deporte Digital\u201d le solicita su consentimiento para la recogida y tratamiento de sus datos personales.<\/p>\n<p style=\"text-align: left;\">Rellene el formulario online, o bien por correo electr\u00f3nico a la direcci\u00f3n: info@esporttalentcanarias.es<br \/>\nPara cualquier consulta o aclaraci\u00f3n, ponte en contacto con nosotros en: info@esporttalentcanarias.es<\/p>\n<\/div><div class=\"bt_bb_separator bt_bb_border_style_none\" data-bt-override-class=\"null\"><\/div><div  class=\"bt_bb_text\" ><p><strong><u>Informaci\u00f3n b\u00e1sica sobre protecci\u00f3n de datos de car\u00e1cter personal<\/u><\/strong>:<\/p>\n<p>&#8211;<strong>Responsable del Tratamiento<\/strong>: Asociaci\u00f3n eSports y Deporte Digital. CIF: G-76323526. Avda \/ Juan Carlos I. N\u00famero 29\u200b. \u200bC.C. LAS RAMBLAS 114-116. CP:35019, \u200bde Las Palmas de Gran Canaria.<\/p>\n<p>&#8211;<strong>Finalidad<\/strong>: gesti\u00f3n de su inscripci\u00f3n y relaci\u00f3n como miembro de la asociaci\u00f3n, \u00a0y en su caso, uso de im\u00e1genes en los materiales de divulgaci\u00f3n de las actividades promocionales\u00a0 llevadas a cabo por el Responsable del Tratamiento.<\/p>\n<p><strong>-Base jur\u00eddica<\/strong>: El consentimiento inequ\u00edvoco al facilitarnos sus datos para tal fin.<\/p>\n<p>&#8211;<strong>Plazo de conservaci\u00f3n<\/strong>: Los datos personales se conservar\u00e1n mientras no se revoque su consentimiento.<\/p>\n<p>&#8211;<strong>Destinatarios<\/strong>: No se ceder\u00e1n datos a terceros, salvo obligaci\u00f3n legal.<\/p>\n<p>&#8211;<strong>Derechos<\/strong>: Puede ejercitar los derechos de acceso, rectificaci\u00f3n, supresi\u00f3n, oposici\u00f3n, limitaci\u00f3n del tratamiento y portabilidad de sus datos personales determinados por el reglamento UE 2016\/679 en la direcci\u00f3n anteriormente se\u00f1alada, o poni\u00e9ndose en contacto con nosotros en el correo electr\u00f3nico <a href=\"mailto:esporttalent.canarias@gmail.com\">esporttalent.canarias@gmail.com<\/a>, adjuntando a la solicitud copia de su carnet de identidad o documento acreditativo equivalente.<\/p>\n<p><strong>-Informaci\u00f3n Adicional: <\/strong>Puede consultar la informaci\u00f3n adicional y detallada sobre protecci\u00f3n de datos en nuestra p\u00e1gina web<\/p>\n<\/div><div class=\"bt_bb_separator bt_bb_border_style_none bt_bb_bottom_spacing_normal\" data-bt-override-class=\"null\"><\/div><div  class=\"bt_bb_text\" >\n<div class=\"wpcf7 no-js\" id=\"wpcf7-f2578-o1\" lang=\"es-ES\" dir=\"ltr\">\n<div class=\"screen-reader-response\"><p role=\"status\" aria-live=\"polite\" aria-atomic=\"true\"><\/p> <ul><\/ul><\/div>\n<form action=\"\/en\/wp-json\/wp\/v2\/pages\/2592#wpcf7-f2578-o1\" method=\"post\" class=\"wpcf7-form init\" aria-label=\"Formulario de contacto\" novalidate=\"novalidate\" data-status=\"init\" data-trp-original-action=\"\/en\/wp-json\/wp\/v2\/pages\/2592#wpcf7-f2578-o1\">\n<div style=\"display: none;\">\n<input type=\"hidden\" name=\"_wpcf7\" value=\"2578\" \/>\n<input type=\"hidden\" name=\"_wpcf7_version\" value=\"5.7.4\" \/>\n<input type=\"hidden\" name=\"_wpcf7_locale\" value=\"es_ES\" \/>\n<input type=\"hidden\" name=\"_wpcf7_unit_tag\" value=\"wpcf7-f2578-o1\" \/>\n<input type=\"hidden\" name=\"_wpcf7_container_post\" value=\"0\" \/>\n<input type=\"hidden\" name=\"_wpcf7_posted_data_hash\" value=\"\" \/>\n<\/div>\n<input class=\"wpcf7-form-control wpcf7-hidden\" value=\"Formulario de Inscripci\u00f3n como miembro de la Asociaci\u00f3n eSports y Deporte Digital\" type=\"hidden\" name=\"your-subject\" \/>\n<p><label> Su nombre (requerido)<br \/>\n<span class=\"wpcf7-form-control-wrap\" data-name=\"your-name\"><input size=\"40\" class=\"wpcf7-form-control wpcf7-text wpcf7-validates-as-required\" aria-required=\"true\" aria-invalid=\"false\" value=\"\" type=\"text\" name=\"your-name\" \/><\/span> <\/label>\n<\/p>\n<p><label> Su Apellido (requerido)<br \/>\n<span class=\"wpcf7-form-control-wrap\" data-name=\"Apellidos\"><input size=\"40\" class=\"wpcf7-form-control wpcf7-text wpcf7-validates-as-required\" aria-required=\"true\" aria-invalid=\"false\" value=\"\" type=\"text\" name=\"Apellidos\" \/><\/span> <\/label>\n<\/p>\n<p><label> N.I.F (requerido)<br \/>\n<span class=\"wpcf7-form-control-wrap\" data-name=\"nif\"><input size=\"40\" class=\"wpcf7-form-control wpcf7-text wpcf7-validates-as-required\" aria-required=\"true\" aria-invalid=\"false\" value=\"\" type=\"text\" name=\"nif\" \/><\/span> <\/label>\n<\/p>\n<p><label> Actividad Profesional (requerido)<br \/>\n<span class=\"wpcf7-form-control-wrap\" data-name=\"Actividad\"><input size=\"40\" class=\"wpcf7-form-control wpcf7-text wpcf7-validates-as-required\" aria-required=\"true\" aria-invalid=\"false\" value=\"\" type=\"text\" name=\"Actividad\" \/><\/span> <\/label>\n<\/p>\n<p><label> Su correo electr\u00f3nico (requerido)<br \/>\n<span class=\"wpcf7-form-control-wrap\" data-name=\"your-email\"><input size=\"40\" class=\"wpcf7-form-control wpcf7-text wpcf7-email wpcf7-validates-as-required wpcf7-validates-as-email\" aria-required=\"true\" aria-invalid=\"false\" value=\"\" type=\"email\" name=\"your-email\" \/><\/span> <\/label>\n<\/p>\n<p><label><br \/>\n<\/label>\n<\/p>\n<p><label> Marque la casilla para confirmar que tenemos su consentimiento para llevar a cabo este tratamiento y acepta las condiciones de privacidad y de participaci\u00f3n. El consentimiento podr\u00e1 ser retirado en cualquier momento, sin que ello afecte al leg\u00edtimo tratamiento realizado hasta dicha fecha.<\/label>\n<\/p>\n<p><label> Marque la casilla para confirmarnos si desea que la Asociaci\u00f3n eSports y Deporte Digital le informe sobre otras actividades, eventos, productos y\/o servicios que puedan resultar de su inter\u00e9s. Puede cancelar su suscripci\u00f3n en cualquier momento.<\/label>\n<\/p>\n<p><label> Marque la casilla para confirmar que tenemos su consentimiento para el tratamiento de im\u00e1genes que puedan tomarse de usted, distribuy\u00e9ndolas y comunic\u00e1ndolas al p\u00fablico, siempre con finalidad educativa o promocional no comercial, especialmente mediante la publicaci\u00f3n en los siguientes medios: P\u00e1gina web de la entidad; redes sociales; publicaciones; montajes multimedia; documentos informativos de la actividad (folletos informativos, carteles promocionales de actividades, etc. Puede retirar su consentimiento en cualquier momento. <\/label>\n<\/p>\n<p>\u200bHe le\u00eddo y acepto la pol\u00edtica de privacidad <span class=\"wpcf7-form-control-wrap\" data-name=\"politicaPrivacidad\"><span class=\"wpcf7-form-control wpcf7-checkbox wpcf7-validates-as-required\"><span class=\"wpcf7-list-item first last\"><label><input type=\"checkbox\" name=\"politicaPrivacidad[]\" value=\"Si\" \/><span class=\"wpcf7-list-item-label\">Si<\/span><\/label><\/span><\/span><\/span>\n<\/p>\n<p><label><br \/>\n<\/label>\n<\/p>\n<p>CLA\u00daSULA INFORMATIVA PARA RECOGIDA DE DATOS DE MENORES DE 14 A\u00d1OS\n<\/p>\n<p><label>Nombre Padre\/Madre\/Tutor (requerido)<br \/>\n<span class=\"wpcf7-form-control-wrap\" data-name=\"NombrePariente\"><input size=\"40\" class=\"wpcf7-form-control wpcf7-text wpcf7-validates-as-required\" aria-required=\"true\" aria-invalid=\"false\" value=\"\" type=\"text\" name=\"NombrePariente\" \/><\/span> <\/label>\n<\/p>\n<p><label>Apellido Padre\/Madre\/Tutor (requerido)<br \/>\n<span class=\"wpcf7-form-control-wrap\" data-name=\"ApellidoPariente\"><input size=\"40\" class=\"wpcf7-form-control wpcf7-text wpcf7-validates-as-required\" aria-required=\"true\" aria-invalid=\"false\" value=\"\" type=\"text\" name=\"ApellidoPariente\" \/><\/span> <\/label>\n<\/p>\n<p><label> N.I.F Padre\/Madre\/Tutor (requerido)<br \/>\n<span class=\"wpcf7-form-control-wrap\" data-name=\"NifPariente\"><input size=\"40\" class=\"wpcf7-form-control wpcf7-text wpcf7-validates-as-required\" aria-required=\"true\" aria-invalid=\"false\" value=\"\" type=\"text\" name=\"NifPariente\" \/><\/span> <\/label>\n<\/p>\n<p>Como: (indicar lo que proceda)<br \/>\n<span class=\"wpcf7-form-control-wrap\" data-name=\"parentesco\"><select class=\"wpcf7-form-control wpcf7-select wpcf7-validates-as-required\" aria-required=\"true\" aria-invalid=\"false\" name=\"parentesco\"><option value=\"\">&#8212;Por favor, elige una opci\u00f3n&#8212;<\/option><option value=\"Padre\">Padre<\/option><option value=\"Madre\">Madre<\/option><option value=\"Tutor\">Tutor<\/option><option value=\"Tutora\">Tutora<\/option><\/select><\/span>\n<\/p>\n<p><label> Nombre del menor (requerido) \u200bDatos a continuaci\u00f3n referentes al tutor\/a del menor de 14 a\u00f1os<br \/>\n<span class=\"wpcf7-form-control-wrap\" data-name=\"NombreMenor\"><input size=\"40\" class=\"wpcf7-form-control wpcf7-text wpcf7-validates-as-required\" aria-required=\"true\" aria-invalid=\"false\" value=\"\" type=\"text\" name=\"NombreMenor\" \/><\/span> <\/label>\n<\/p>\n<p>Expresa su: (m\u00e1rquese con lo que proceda) <span class=\"wpcf7-form-control-wrap\" data-name=\"AUTORIZACION\"><span class=\"wpcf7-form-control wpcf7-checkbox wpcf7-exclusive-checkbox\"><span class=\"wpcf7-list-item first\"><label><span class=\"wpcf7-list-item-label\">AUTORIZACION<\/span><input type=\"checkbox\" name=\"AUTORIZACION\" value=\"AUTORIZACION\" \/><\/label><\/span><span class=\"wpcf7-list-item last\"><label><span class=\"wpcf7-list-item-label\">NO AUTORIZACION<\/span><input type=\"checkbox\" name=\"AUTORIZACION\" value=\"NO AUTORIZACION\" \/><\/label><\/span><\/span><\/span>\n<\/p>\n<p><label><br \/>\n<\/label>\n<\/p>\n<p><input class=\"wpcf7-form-control has-spinner wpcf7-submit\" type=\"submit\" value=\"Send\" \/>\n<\/p>\n<p><label><br \/>\n<\/label>\n<\/p><p style=\"display: none !important;\"><label>&#916;<textarea name=\"_wpcf7_ak_hp_textarea\" cols=\"45\" rows=\"8\" maxlength=\"100\"><\/textarea><\/label><input type=\"hidden\" id=\"ak_js_1\" name=\"_wpcf7_ak_js\" value=\"92\"\/><script>document.getElementById( \"ak_js_1\" ).setAttribute( \"value\", ( new Date() ).getTime() );<\/script><\/p><div class=\"wpcf7-response-output\" aria-hidden=\"true\"><\/div>\n<input type=\"hidden\" name=\"trp-form-language\" value=\"en\"\/><\/form>\n<\/div>\n<\/div><\/div><\/div><\/div><\/div><\/div><\/div><!-- cell_inner --><\/div><!-- cell --><\/div><!-- port --><\/section>","protected":false},"excerpt":{"rendered":"","protected":false},"author":3,"featured_media":0,"parent":0,"menu_order":0,"comment_status":"closed","ping_status":"closed","template":"","meta":{"_mi_skip_tracking":false},"yoast_head":"<!-- This site is optimized with the Yoast SEO plugin v19.3 - https:\/\/yoast.com\/wordpress\/plugins\/seo\/ -->\n<title>Inscripci\u00f3n como miembro de la Asociaci\u00f3n eSports y Deporte Digital - esporttalencanarias<\/title>\n<meta name=\"robots\" content=\"index, follow, max-snippet:-1, max-image-preview:large, max-video-preview:-1\" \/>\n<link rel=\"canonical\" href=\"https:\/\/esporttalentcanarias.es\/en\/inscripcion-como-miembro-de-la-asociacion-esports-y-deporte-digital\/\" \/>\n<meta property=\"og:locale\" content=\"en_US\" \/>\n<meta property=\"og:type\" content=\"article\" \/>\n<meta property=\"og:title\" content=\"Inscripci\u00f3n como miembro de la Asociaci\u00f3n eSports y Deporte Digital - esporttalencanarias\" \/>\n<meta property=\"og:url\" content=\"https:\/\/esporttalentcanarias.es\/en\/inscripcion-como-miembro-de-la-asociacion-esports-y-deporte-digital\/\" \/>\n<meta property=\"og:site_name\" content=\"esporttalencanarias\" \/>\n<meta property=\"article:modified_time\" content=\"2021-04-29T07:15:27+00:00\" \/>\n<meta name=\"twitter:card\" content=\"summary_large_image\" \/>\n<meta name=\"twitter:label1\" content=\"Est. reading time\" \/>\n\t<meta name=\"twitter:data1\" content=\"2 minutes\" \/>\n<script type=\"application\/ld+json\" class=\"yoast-schema-graph\">{\"@context\":\"https:\/\/schema.org\",\"@graph\":[{\"@type\":\"Organization\",\"@id\":\"https:\/\/esporttalentcanarias.es\/#organization\",\"name\":\"Esport talent canarias\",\"url\":\"https:\/\/esporttalentcanarias.es\/\",\"sameAs\":[],\"logo\":{\"@type\":\"ImageObject\",\"inLanguage\":\"en-US\",\"@id\":\"https:\/\/esporttalentcanarias.es\/#\/schema\/logo\/image\/\",\"url\":\"https:\/\/esporttalentcanarias.es\/wp-content\/uploads\/2019\/06\/cropped-esport-abajo-1.png\",\"contentUrl\":\"https:\/\/esporttalentcanarias.es\/wp-content\/uploads\/2019\/06\/cropped-esport-abajo-1.png\",\"width\":512,\"height\":512,\"caption\":\"Esport talent canarias\"},\"image\":{\"@id\":\"https:\/\/esporttalentcanarias.es\/#\/schema\/logo\/image\/\"}},{\"@type\":\"WebSite\",\"@id\":\"https:\/\/esporttalentcanarias.es\/#website\",\"url\":\"https:\/\/esporttalentcanarias.es\/\",\"name\":\"esporttalencanarias\",\"description\":\"eSportTalents\",\"publisher\":{\"@id\":\"https:\/\/esporttalentcanarias.es\/#organization\"},\"potentialAction\":[{\"@type\":\"SearchAction\",\"target\":{\"@type\":\"EntryPoint\",\"urlTemplate\":\"https:\/\/esporttalentcanarias.es\/?s={search_term_string}\"},\"query-input\":\"required name=search_term_string\"}],\"inLanguage\":\"en-US\"},{\"@type\":\"WebPage\",\"@id\":\"https:\/\/esporttalentcanarias.es\/en\/inscripcion-como-miembro-de-la-asociacion-esports-y-deporte-digital\/\",\"url\":\"https:\/\/esporttalentcanarias.es\/en\/inscripcion-como-miembro-de-la-asociacion-esports-y-deporte-digital\/\",\"name\":\"Inscripci\u00f3n como miembro de la Asociaci\u00f3n eSports y Deporte Digital - esporttalencanarias\",\"isPartOf\":{\"@id\":\"https:\/\/esporttalentcanarias.es\/#website\"},\"datePublished\":\"2019-05-04T10:42:17+00:00\",\"dateModified\":\"2021-04-29T07:15:27+00:00\",\"breadcrumb\":{\"@id\":\"https:\/\/esporttalentcanarias.es\/en\/inscripcion-como-miembro-de-la-asociacion-esports-y-deporte-digital\/#breadcrumb\"},\"inLanguage\":\"en-US\",\"potentialAction\":[{\"@type\":\"ReadAction\",\"target\":[\"https:\/\/esporttalentcanarias.es\/en\/inscripcion-como-miembro-de-la-asociacion-esports-y-deporte-digital\/\"]}]},{\"@type\":\"BreadcrumbList\",\"@id\":\"https:\/\/esporttalentcanarias.es\/en\/inscripcion-como-miembro-de-la-asociacion-esports-y-deporte-digital\/#breadcrumb\",\"itemListElement\":[{\"@type\":\"ListItem\",\"position\":1,\"name\":\"Portada\",\"item\":\"https:\/\/esporttalentcanarias.es\/\"},{\"@type\":\"ListItem\",\"position\":2,\"name\":\"Inscripci\u00f3n como miembro de la Asociaci\u00f3n eSports y Deporte Digital\"}]}]}<\/script>\n<!-- \/ Yoast SEO plugin. -->","yoast_head_json":{"title":"Inscripci\u00f3n como miembro de la Asociaci\u00f3n eSports y Deporte Digital - esporttalencanarias","robots":{"index":"index","follow":"follow","max-snippet":"max-snippet:-1","max-image-preview":"max-image-preview:large","max-video-preview":"max-video-preview:-1"},"canonical":"https:\/\/esporttalentcanarias.es\/en\/inscripcion-como-miembro-de-la-asociacion-esports-y-deporte-digital\/","og_locale":"en_US","og_type":"article","og_title":"Inscripci\u00f3n como miembro de la Asociaci\u00f3n eSports y Deporte Digital - esporttalencanarias","og_url":"https:\/\/esporttalentcanarias.es\/en\/inscripcion-como-miembro-de-la-asociacion-esports-y-deporte-digital\/","og_site_name":"esporttalencanarias","article_modified_time":"2021-04-29T07:15:27+00:00","twitter_card":"summary_large_image","twitter_misc":{"Est. reading time":"2 minutes"},"schema":{"@context":"https:\/\/schema.org","@graph":[{"@type":"Organization","@id":"https:\/\/esporttalentcanarias.es\/#organization","name":"Esport talent canarias","url":"https:\/\/esporttalentcanarias.es\/","sameAs":[],"logo":{"@type":"ImageObject","inLanguage":"en-US","@id":"https:\/\/esporttalentcanarias.es\/#\/schema\/logo\/image\/","url":"https:\/\/esporttalentcanarias.es\/wp-content\/uploads\/2019\/06\/cropped-esport-abajo-1.png","contentUrl":"https:\/\/esporttalentcanarias.es\/wp-content\/uploads\/2019\/06\/cropped-esport-abajo-1.png","width":512,"height":512,"caption":"Esport talent canarias"},"image":{"@id":"https:\/\/esporttalentcanarias.es\/#\/schema\/logo\/image\/"}},{"@type":"WebSite","@id":"https:\/\/esporttalentcanarias.es\/#website","url":"https:\/\/esporttalentcanarias.es\/","name":"esporttalencanarias","description":"eSportTalents","publisher":{"@id":"https:\/\/esporttalentcanarias.es\/#organization"},"potentialAction":[{"@type":"SearchAction","target":{"@type":"EntryPoint","urlTemplate":"https:\/\/esporttalentcanarias.es\/?s={search_term_string}"},"query-input":"required name=search_term_string"}],"inLanguage":"en-US"},{"@type":"WebPage","@id":"https:\/\/esporttalentcanarias.es\/en\/inscripcion-como-miembro-de-la-asociacion-esports-y-deporte-digital\/","url":"https:\/\/esporttalentcanarias.es\/en\/inscripcion-como-miembro-de-la-asociacion-esports-y-deporte-digital\/","name":"Inscripci\u00f3n como miembro de la Asociaci\u00f3n eSports y Deporte Digital - esporttalencanarias","isPartOf":{"@id":"https:\/\/esporttalentcanarias.es\/#website"},"datePublished":"2019-05-04T10:42:17+00:00","dateModified":"2021-04-29T07:15:27+00:00","breadcrumb":{"@id":"https:\/\/esporttalentcanarias.es\/en\/inscripcion-como-miembro-de-la-asociacion-esports-y-deporte-digital\/#breadcrumb"},"inLanguage":"en-US","potentialAction":[{"@type":"ReadAction","target":["https:\/\/esporttalentcanarias.es\/en\/inscripcion-como-miembro-de-la-asociacion-esports-y-deporte-digital\/"]}]},{"@type":"BreadcrumbList","@id":"https:\/\/esporttalentcanarias.es\/en\/inscripcion-como-miembro-de-la-asociacion-esports-y-deporte-digital\/#breadcrumb","itemListElement":[{"@type":"ListItem","position":1,"name":"Portada","item":"https:\/\/esporttalentcanarias.es\/"},{"@type":"ListItem","position":2,"name":"Inscripci\u00f3n como miembro de la Asociaci\u00f3n eSports y Deporte Digital"}]}]}},"_links":{"self":[{"href":"https:\/\/esporttalentcanarias.es\/en\/wp-json\/wp\/v2\/pages\/2592"}],"collection":[{"href":"https:\/\/esporttalentcanarias.es\/en\/wp-json\/wp\/v2\/pages"}],"about":[{"href":"https:\/\/esporttalentcanarias.es\/en\/wp-json\/wp\/v2\/types\/page"}],"author":[{"embeddable":true,"href":"https:\/\/esporttalentcanarias.es\/en\/wp-json\/wp\/v2\/users\/3"}],"replies":[{"embeddable":true,"href":"https:\/\/esporttalentcanarias.es\/en\/wp-json\/wp\/v2\/comments?post=2592"}],"version-history":[{"count":5,"href":"https:\/\/esporttalentcanarias.es\/en\/wp-json\/wp\/v2\/pages\/2592\/revisions"}],"predecessor-version":[{"id":4788,"href":"https:\/\/esporttalentcanarias.es\/en\/wp-json\/wp\/v2\/pages\/2592\/revisions\/4788"}],"wp:attachment":[{"href":"https:\/\/esporttalentcanarias.es\/en\/wp-json\/wp\/v2\/media?parent=2592"}],"curies":[{"name":"wp","href":"https:\/\/api.w.org\/{rel}","templated":true}]}}