{"id":2572,"date":"2019-04-30T10:54:38","date_gmt":"2019-04-30T10:54:38","guid":{"rendered":"http:\/\/esporttalencanarias.es\/?page_id=2572"},"modified":"2019-04-30T10:56:59","modified_gmt":"2019-04-30T10:56:59","slug":"aviso-legal","status":"publish","type":"page","link":"https:\/\/esporttalentcanarias.es\/en\/aviso-legal\/","title":{"rendered":"Legal warning"},"content":{"rendered":"<section id=\"bt_bb_section69e35caee74db\" class=\"bt_bb_section bt_bb_layout_boxed_1200\"  data-bt-override-class=\"null\"><div class=\"bt_bb_port\"><div class=\"bt_bb_cell\"><div class=\"bt_bb_cell_inner\"><div class=\"bt_bb_row_wrapper\"><div  class=\"bt_bb_row\"  data-bt-override-class=\"{}\"><div  class=\"bt_bb_column col-xl-12 bt_bb_vertical_align_top bt_bb_align_left bt_bb_padding_normal\"  data-width=\"12\" data-bt-override-class=\"{}\"><div class=\"bt_bb_column_content\"><div class=\"bt_bb_column_content_inner\"><div class=\"bt_bb_separator bt_bb_border_style_none\" data-bt-override-class=\"null\"><\/div><div class=\"bt_bb_image bt_bb_shape_square bt_bb_target_self bt_bb_align_inherit bt_bb_hover_style_simple bt_bb_content_display_always bt_bb_content_align_middle\" data-bt-override-class=\"{}\"><span><img width=\"1935\" height=\"115\" src=\"https:\/\/esporttalentcanarias.es\/wp-content\/uploads\/2018\/12\/asociaciondeWeb.png\" class=\"attachment-full size-full\" alt=\"https:\/\/esporttalentcanarias.es\/wp-content\/uploads\/2018\/12\/asociaciondeWeb.png\" data-full_image_src=\"https:\/\/esporttalentcanarias.es\/wp-content\/uploads\/2018\/12\/asociaciondeWeb.png\" title=\"asociaciondeWeb\" srcset=\"https:\/\/esporttalentcanarias.es\/wp-content\/uploads\/2018\/12\/asociaciondeWeb.png 1935w, https:\/\/esporttalentcanarias.es\/wp-content\/uploads\/2018\/12\/asociaciondeWeb-640x38.png 640w, https:\/\/esporttalentcanarias.es\/wp-content\/uploads\/2018\/12\/asociaciondeWeb-768x46.png 768w, https:\/\/esporttalentcanarias.es\/wp-content\/uploads\/2018\/12\/asociaciondeWeb-1280x76.png 1280w, https:\/\/esporttalentcanarias.es\/wp-content\/uploads\/2018\/12\/asociaciondeWeb-320x19.png 320w\" sizes=\"(max-width: 1935px) 100vw, 1935px\" \/><\/span><\/div><div class=\"bt_bb_separator bt_bb_border_style_none bt_bb_bottom_spacing_medium\" data-bt-override-class=\"null\"><\/div><div  class=\"bt_bb_text\" ><p><strong>1. ASPECTOS GENERALES<\/strong><\/p>\n<p>Lea atentamente el siguiente aviso legal relativo al sitio web: <a href=\"http:\/\/www.esporttalentcanarias.com\/\">www.esporttalentcanarias.com<\/a><\/p>\n<p><strong>1.1. Datos identificativos del Prestador de Servicios de la Sociedad de la Informaci\u00f3n <\/strong><\/p>\n<p>De conformidad con el art\u00edculo 10 de la Ley 34\/2002, de Servicios de la Sociedad de la Informaci\u00f3n y Comercio Electr\u00f3nico, se pone en su conocimiento que la Asociaci\u00f3n eSport y Deporte Digital (en adelante, tambi\u00e9n EL TITULAR DE LA WEB) con CIF G-76323526 y domicilio social en Avda. Juan Carlos I. N\u00famero 29\u200b. \u200bC.C. LAS RAMBLAS 114-116. CP: 35019, \u200bde Las Palmas de Gran Canaria, gestiona los contenidos del sitio Web <a href=\"http:\/\/www.esporttalentcanarias.com\/\">www.esporttalentcanarias.com<\/a><\/p>\n<p>La Asociaci\u00f3n eSport y Deporte Digital est\u00e1 inscrita en el Registro Nacional de Asociaciones, secci\u00f3n primera, con el n\u00famero nacional 616733<\/p>\n<p>En caso de querer ponerse en contacto con nosotros, puede dirigirse al domicilio arriba indicado, as\u00ed como al Tel\u00e9fono (+34) 608 10 62 49 y Correo-e: <a href=\"mailto:esporttalent.canarias@gmail.com\"><em>esporttalent.canarias@gmail.com<\/em><\/a><\/p>\n<p><strong>1.2. Aceptaci\u00f3n y vigencia de las condiciones generales y particulares<\/strong><\/p>\n<p>Tanto la navegaci\u00f3n como la utilizaci\u00f3n y\/o pedido de cualesquiera de los productos ofrecidos en esta p\u00e1gina Web le atribuye a Ud. la condici\u00f3n de Usuario y supone su aceptaci\u00f3n plena y sin reservas de todas y cada una de las Condiciones Generales y, en su caso, Particulares vigentes en el momento en que Ud. como Usuario acceda a la p\u00e1gina Web.<\/p>\n<p>EL TITULAR DE LA WEB se reserva el derecho a ampliar y modificar unilateralmente, en cualquier momento y sin previo aviso, la presentaci\u00f3n, configuraci\u00f3n y contenidos de la p\u00e1gina Web, as\u00ed como suspender temporalmente la presentaci\u00f3n, configuraci\u00f3n, especificaciones t\u00e9cnicas y servicios del sitio web, de la misma forma.<\/p>\n<ol start=\"2\">\n<li><strong> CONDICIONES GENERALES DE USO DEL SITIO WEB<\/strong>\n<ul>\n<li><strong>Obligaciones de uso<\/strong><\/li>\n<\/ul>\n<\/li>\n<\/ol>\n<p>Con car\u00e1cter general, el Usuario se obliga al cumplimiento de las presentes condiciones y t\u00e9rminos de uso, y obrar siempre conforme a la ley, a las buenas costumbres y a las exigencias de la buena fe, empleando la diligencia adecuada a la naturaleza del servicio del que disfruta, y absteni\u00e9ndose de utilizar el presente sitio web de cualquier forma que pueda impedir, da\u00f1ar o deteriorar el normal funcionamiento del mismo, los bienes o derechos del titular, del resto de Usuarios o, en general, de cualquier tercero.<\/p>\n<p>En particular, y sin que ello implique restricci\u00f3n alguna a la obligaci\u00f3n asumida por el Usuario con car\u00e1cter general de conformidad con el apartado anterior, el Usuario se obliga, en la utilizaci\u00f3n del presente sitio web a:<\/p>\n<ul>\n<li>No introducir, almacenar o difundir en o desde el sitio web, cualquier informaci\u00f3n o material que fuera difamatorio, injurioso, obsceno, amenazador, xen\u00f3fobo, incite a la violencia a la discriminaci\u00f3n por raz\u00f3n de raza, sexo, ideolog\u00eda, religi\u00f3n o que de cualquier forma atente contra la moral, el orden p\u00fablico, los derechos fundamentales, las libertas p\u00fablicas, el honor, la intimidad o la imagen de terceros y, en general, que vulnere la normativa vigente espa\u00f1ola y de su pa\u00eds de residencia.<\/li>\n<li>No introducir, almacenar o difundir mediante el sitio web ning\u00fan programa de ordenador, datos, virus, c\u00f3digo, o cualquier otro fichero que sea susceptible de causar da\u00f1os o cualquier tipo de alteraci\u00f3n en el sitio web, en cualquiera de los servicios, o en cualquiera de los equipos, sistemas o redes del TITULAR DE LA WEB,\u00a0 de cualquier Usuario, o en general de cualquier tercero, que pueda impedir el normal funcionamiento de los mismos.<\/li>\n<li>No destruir, alterar, utilizar para su uso, inutilizar o da\u00f1ar los datos, informaciones, programas, documentos electr\u00f3nicos, o, en general, los ficheros del Titular, \u00a0de los Usuarios o de terceros.<\/li>\n<\/ul>\n<p>EL TITULAR DE LA WEB podr\u00e1, en todo momento y sin previo aviso, modificar las presentes Condiciones Generales, as\u00ed como las Condiciones Particulares que, en su caso, se incluyan, mediante la publicaci\u00f3n de dichas modificaciones en el sitio web con el fin de que puedan ser conocidas por los Usuarios.<\/p>\n<ul>\n<li><strong>Exoneraci\u00f3n de responsabilidad<\/strong><\/li>\n<\/ul>\n<p>EL TITULAR DE LA WEB no ser\u00e1 responsable:<\/p>\n<ul>\n<li>Con car\u00e1cter general, respecto del uso inadecuado de su sitio web. Los usuarios deber\u00e1n realizar un uso adecuado del mismo, de acuerdo con las condiciones y t\u00e9rminos anteriores, sin que ninguna responsabilidad pueda tener el titular por la utilizaci\u00f3n indebida.<\/li>\n<li>Respecto de posibles deficiencias t\u00e9cnicas. EL TITULAR DE LA WEB no ser\u00e1 responsable en ning\u00fan caso de las alteraciones en el servicio que se produzcan por fallos en la red el\u00e9ctrica, en la red de conexi\u00f3n de datos, en el servidor o en cualesquiera prestaciones.<\/li>\n<li>Respecto al acceso por terceros a su sistema. EL TITULAR DE LA WEB adoptar\u00e1 las cautelas t\u00e9cnicas necesarias a fin de proteger los datos e informaci\u00f3n a la que se accede, pero sin que sea responsable de actuaciones de terceros que, vulnerando las medidas de seguridad establecidas, accedan a los citados datos.<\/li>\n<li>EL TITULAR DE LA WEB invierte constantemente en medios tecnol\u00f3gicos que intentan minimizar el riesgo de virus y software similar, y contenidos no autorizados en sus sistemas de informaci\u00f3n. A pesar de ello, el Usuario es consciente de que debe adoptar sus propias medidas orientadas a minimizar los da\u00f1os ocasionados por software no autorizado, virus, troyanos y cualquier clase del software denominado mal-ware, eximiendo al TITULAR DE LA WEB de toda responsabilidad que pudiese derivarse de la contenci\u00f3n de malware en los tratamientos habilitados en la presente web.<\/li>\n<\/ul>\n<p><strong>\u00a0<\/strong><\/p>\n<ul>\n<li><strong>Utilizaci\u00f3n de hiperenlaces<\/strong><\/li>\n<\/ul>\n<p>El usuario de Internet que quiera introducir enlaces desde sus propias Webs a la P\u00e1gina Web deber\u00e1 cumplir con las condiciones que se detallan a continuaci\u00f3n sin que el desconocimiento de las mismas evite las responsabilidades derivadas de la Ley.<\/p>\n<p>El enlace \u00fanicamente vincular\u00e1 con la home page o p\u00e1gina principal de la p\u00e1gina Web pero no podr\u00e1 reproducirla de ninguna forma (inline links, copia de los textos, gr\u00e1ficos, etc.). Quedar\u00e1 en todo caso prohibido, de acuerdo con la legislaci\u00f3n aplicable y vigente en cada momento, establecer frames o marcos de cualquier tipo que envuelvan a la p\u00e1gina Web o permitan la visualizaci\u00f3n de los contenidos a trav\u00e9s de direcciones de Internet distintas a las de la p\u00e1gina Web y, en cualquier caso, cuando se visualicen conjuntamente con contenidos ajenos a la P\u00e1gina Web de forma que: (I) produzca, o pueda producir, error,<\/p>\n<p>confusi\u00f3n o enga\u00f1o en los usuarios sobre la verdadera procedencia del servicio o Contenidos; (II) suponga un acto de comparaci\u00f3n o imitaci\u00f3n desleal; (III) sirva para aprovechar la reputaci\u00f3n de la marca y prestigio del TITULAR DE LA WEB; o (IV) de cualquier otra forma resulte prohibido por la legislaci\u00f3n vigente.<\/p>\n<p>No se realizar\u00e1n desde la p\u00e1gina que introduce el enlace ning\u00fan tipo de manifestaci\u00f3n falsa, inexacta o incorrecta sobre EL TITULAR DE LA WEB, su direcci\u00f3n, empleados, clientes o sobre la calidad de los servicios que presta.<\/p>\n<p>En ning\u00fan caso se expresar\u00e1 en la p\u00e1gina donde se ubique el enlace, que EL TITULAR DE LA WEB. ha prestado su consentimiento para la inserci\u00f3n del enlace o que de otra forma patrocina, colabora, verifica o supervisa los servicios del remitente.<\/p>\n<p>Est\u00e1 prohibida la utilizaci\u00f3n de cualquier marca denominativa, gr\u00e1fica o mixta o cualquier otro signo distintivo del TITULAR DE LA WEB dentro de la p\u00e1gina del remitente salvo en los casos permitidos por la ley o expresamente autorizados por EL TITULAR DE LA WEB y siempre que se permita, en estos casos, un enlace directo con la p\u00e1gina Web en la forma establecida en esta cl\u00e1usula.<\/p>\n<p>La p\u00e1gina que establezca el enlace deber\u00e1 cumplir fielmente con la ley y no podr\u00e1 en ning\u00fan caso disponer o enlazar con contenidos propios o de terceros que: (I) sean il\u00edcitos, nocivos o contrarios a la moral y a las buenas costumbres (pornogr\u00e1ficos, violentos, racistas, etc.); (II) induzcan o puedan inducir en el Usuario la falsa concepci\u00f3n de que EL TITULAR DE LA WEB suscribe, respalda, se adhiere o de cualquier manera apoya, las ideas, manifestaciones o expresiones, l\u00edcitas o il\u00edcitas, del remitente; (III) resulten inapropiados o no pertinentes con la actividad de en atenci\u00f3n al lugar, contenidos y tem\u00e1tica de la p\u00e1gina Web del remitente. Igualmente, el Usuario se abstendr\u00e1 de incluir en la p\u00e1gina Web cualquier hiperenlace (en adelante, \u00ablink\u00bb) dirigido a una p\u00e1gina Web que contenga informaci\u00f3n o contenidos il\u00edcitos, contrarios a la moral y buenas costumbres generalmente aceptadas, y al orden p\u00fablico.<\/p>\n<ul>\n<li><strong>Propiedad intelectual e industrial<\/strong><\/li>\n<\/ul>\n<p>La estructura, dise\u00f1o y forma de presentaci\u00f3n de los elementos disponibles en la presente web (gr\u00e1ficos, im\u00e1genes, fotograf\u00edas, muestras y materiales que aparecen en los mismos, tecnolog\u00edas industriales, ficheros, logotipos, combinaciones de colores y cualquier elemento susceptible de protecci\u00f3n) est\u00e1n protegidos por derechos de propiedad intelectual e industrial titularidad<\/p>\n<p>del TITULAR DE LA WEB, o sobre los que se han obtenido los derechos de uso correspondientes.<\/p>\n<p>Est\u00e1 prohibida la reproducci\u00f3n, transformaci\u00f3n, distribuci\u00f3n, comunicaci\u00f3n p\u00fablica, puesta a disposici\u00f3n del p\u00fablico y, en general, cualquier otra forma de explotaci\u00f3n, parcial o total de los elementos referidos en el apartado anterior. Su publicaci\u00f3n en otras p\u00e1ginas web o en otros medios de comunicaci\u00f3n digitales o escritos requiere el consentimiento expreso del titular de la web, y, en todo caso, deber\u00e1n hacer referencia expl\u00edcita a la titularidad de los citados derechos de propiedad intelectual del TITULAR DE LA WEB. No se permite la utilizaci\u00f3n de los signos distintivos (marcas, nombres comerciales), salvo autorizaci\u00f3n expresa de los leg\u00edtimos titulares.<\/p>\n<p>El contenido de esta p\u00e1gina no debe ser utilizado para difusi\u00f3n p\u00fablica o con fines comerciales, y no debe ser modificado sin el consentimiento escrito del titular.<\/p>\n<ul>\n<li><strong>Procedimiento en caso de realizaci\u00f3n de actividades de car\u00e1cter il\u00edcito<\/strong><\/li>\n<\/ul>\n<p>En el caso de que cualquier usuario o un tercero considere que existen hechos o circunstancias que revelen el car\u00e1cter il\u00edcito de la utilizaci\u00f3n de cualquier contenido y\/o de la realizaci\u00f3n de cualquier actividad en las p\u00e1ginas web incluidas o accesibles a trav\u00e9s del sitio web, deber\u00e1 enviar una notificaci\u00f3n a EL TITULAR DE LA WEB identific\u00e1ndose debidamente, especificando las supuestas infracciones y declarando expresamente y bajo su responsabilidad que la informaci\u00f3n proporcionada en la notificaci\u00f3n es exacta.<\/p>\n<ul>\n<li><strong>Jurisdicci\u00f3n y legislaci\u00f3n aplicable <\/strong><\/li>\n<\/ul>\n<p>Los t\u00e9rminos y condiciones que rigen este web site y todas las relaciones que pudieran derivarse se encuentran salvaguardados por la legislaci\u00f3n espa\u00f1ola.<\/p>\n<p>Cualquier controversia que pudiera derivarse del acceso o la utilizaci\u00f3n de este web site ser\u00e1 de competencia de los tribunales de Las Palmas de Gran Canaria.<\/p>\n<p><strong>PROTECCI\u00d3N DE DATOS<\/strong><\/p>\n<p>Si quiere conocer nuestra Pol\u00edtica de Protecci\u00f3n de Datos, lea atentamente nuestra <a href=\"http:\/\/esporttalencanarias.es\/politica-de-privacidad\/\"><u>Privacy Policy<\/u><\/a><\/p>\n<p><strong>POL\u00cdTICA DE COOKIES<\/strong><\/p>\n<p>Si quiere conocer nuestra Pol\u00edtica de Cookies, lea atentamente nuestra <u>Pol\u00edtica de Cookies<\/u> (incluir link a Pol\u00edtica de Cookies)<\/p>\n<\/div><div class=\"bt_bb_separator bt_bb_border_style_none bt_bb_bottom_spacing_medium\" data-bt-override-class=\"null\"><\/div><\/div><\/div><\/div><\/div><\/div><\/div><!-- cell_inner --><\/div><!-- cell --><\/div><!-- port --><\/section>","protected":false},"excerpt":{"rendered":"","protected":false},"author":3,"featured_media":0,"parent":0,"menu_order":0,"comment_status":"closed","ping_status":"closed","template":"","meta":{"_mi_skip_tracking":false},"yoast_head":"<!-- This site is optimized with the Yoast SEO plugin v19.3 - https:\/\/yoast.com\/wordpress\/plugins\/seo\/ -->\n<title>Aviso Legal - esporttalencanarias<\/title>\n<meta name=\"robots\" content=\"index, follow, max-snippet:-1, max-image-preview:large, max-video-preview:-1\" \/>\n<link rel=\"canonical\" href=\"https:\/\/esporttalentcanarias.es\/en\/aviso-legal\/\" \/>\n<meta property=\"og:locale\" content=\"en_US\" \/>\n<meta property=\"og:type\" content=\"article\" \/>\n<meta property=\"og:title\" content=\"Aviso Legal - esporttalencanarias\" \/>\n<meta property=\"og:url\" content=\"https:\/\/esporttalentcanarias.es\/en\/aviso-legal\/\" \/>\n<meta property=\"og:site_name\" content=\"esporttalencanarias\" \/>\n<meta property=\"article:modified_time\" content=\"2019-04-30T10:56:59+00:00\" \/>\n<meta name=\"twitter:card\" content=\"summary_large_image\" \/>\n<meta name=\"twitter:label1\" content=\"Est. reading time\" \/>\n\t<meta name=\"twitter:data1\" content=\"10 minutes\" \/>\n<script type=\"application\/ld+json\" class=\"yoast-schema-graph\">{\"@context\":\"https:\/\/schema.org\",\"@graph\":[{\"@type\":\"Organization\",\"@id\":\"https:\/\/esporttalentcanarias.es\/#organization\",\"name\":\"Esport talent canarias\",\"url\":\"https:\/\/esporttalentcanarias.es\/\",\"sameAs\":[],\"logo\":{\"@type\":\"ImageObject\",\"inLanguage\":\"en-US\",\"@id\":\"https:\/\/esporttalentcanarias.es\/#\/schema\/logo\/image\/\",\"url\":\"https:\/\/esporttalentcanarias.es\/wp-content\/uploads\/2019\/06\/cropped-esport-abajo-1.png\",\"contentUrl\":\"https:\/\/esporttalentcanarias.es\/wp-content\/uploads\/2019\/06\/cropped-esport-abajo-1.png\",\"width\":512,\"height\":512,\"caption\":\"Esport talent canarias\"},\"image\":{\"@id\":\"https:\/\/esporttalentcanarias.es\/#\/schema\/logo\/image\/\"}},{\"@type\":\"WebSite\",\"@id\":\"https:\/\/esporttalentcanarias.es\/#website\",\"url\":\"https:\/\/esporttalentcanarias.es\/\",\"name\":\"esporttalencanarias\",\"description\":\"eSportTalents\",\"publisher\":{\"@id\":\"https:\/\/esporttalentcanarias.es\/#organization\"},\"potentialAction\":[{\"@type\":\"SearchAction\",\"target\":{\"@type\":\"EntryPoint\",\"urlTemplate\":\"https:\/\/esporttalentcanarias.es\/?s={search_term_string}\"},\"query-input\":\"required name=search_term_string\"}],\"inLanguage\":\"en-US\"},{\"@type\":\"WebPage\",\"@id\":\"https:\/\/esporttalentcanarias.es\/aviso-legal\/\",\"url\":\"https:\/\/esporttalentcanarias.es\/aviso-legal\/\",\"name\":\"Aviso Legal - esporttalencanarias\",\"isPartOf\":{\"@id\":\"https:\/\/esporttalentcanarias.es\/#website\"},\"datePublished\":\"2019-04-30T10:54:38+00:00\",\"dateModified\":\"2019-04-30T10:56:59+00:00\",\"breadcrumb\":{\"@id\":\"https:\/\/esporttalentcanarias.es\/aviso-legal\/#breadcrumb\"},\"inLanguage\":\"en-US\",\"potentialAction\":[{\"@type\":\"ReadAction\",\"target\":[\"https:\/\/esporttalentcanarias.es\/aviso-legal\/\"]}]},{\"@type\":\"BreadcrumbList\",\"@id\":\"https:\/\/esporttalentcanarias.es\/aviso-legal\/#breadcrumb\",\"itemListElement\":[{\"@type\":\"ListItem\",\"position\":1,\"name\":\"Portada\",\"item\":\"https:\/\/esporttalentcanarias.es\/\"},{\"@type\":\"ListItem\",\"position\":2,\"name\":\"Aviso Legal\"}]}]}<\/script>\n<!-- \/ Yoast SEO plugin. -->","yoast_head_json":{"title":"Aviso Legal - esporttalencanarias","robots":{"index":"index","follow":"follow","max-snippet":"max-snippet:-1","max-image-preview":"max-image-preview:large","max-video-preview":"max-video-preview:-1"},"canonical":"https:\/\/esporttalentcanarias.es\/en\/aviso-legal\/","og_locale":"en_US","og_type":"article","og_title":"Aviso Legal - esporttalencanarias","og_url":"https:\/\/esporttalentcanarias.es\/en\/aviso-legal\/","og_site_name":"esporttalencanarias","article_modified_time":"2019-04-30T10:56:59+00:00","twitter_card":"summary_large_image","twitter_misc":{"Est. reading time":"10 minutes"},"schema":{"@context":"https:\/\/schema.org","@graph":[{"@type":"Organization","@id":"https:\/\/esporttalentcanarias.es\/#organization","name":"Esport talent canarias","url":"https:\/\/esporttalentcanarias.es\/","sameAs":[],"logo":{"@type":"ImageObject","inLanguage":"en-US","@id":"https:\/\/esporttalentcanarias.es\/#\/schema\/logo\/image\/","url":"https:\/\/esporttalentcanarias.es\/wp-content\/uploads\/2019\/06\/cropped-esport-abajo-1.png","contentUrl":"https:\/\/esporttalentcanarias.es\/wp-content\/uploads\/2019\/06\/cropped-esport-abajo-1.png","width":512,"height":512,"caption":"Esport talent canarias"},"image":{"@id":"https:\/\/esporttalentcanarias.es\/#\/schema\/logo\/image\/"}},{"@type":"WebSite","@id":"https:\/\/esporttalentcanarias.es\/#website","url":"https:\/\/esporttalentcanarias.es\/","name":"esporttalencanarias","description":"eSportTalents","publisher":{"@id":"https:\/\/esporttalentcanarias.es\/#organization"},"potentialAction":[{"@type":"SearchAction","target":{"@type":"EntryPoint","urlTemplate":"https:\/\/esporttalentcanarias.es\/?s={search_term_string}"},"query-input":"required name=search_term_string"}],"inLanguage":"en-US"},{"@type":"WebPage","@id":"https:\/\/esporttalentcanarias.es\/aviso-legal\/","url":"https:\/\/esporttalentcanarias.es\/aviso-legal\/","name":"Aviso Legal - esporttalencanarias","isPartOf":{"@id":"https:\/\/esporttalentcanarias.es\/#website"},"datePublished":"2019-04-30T10:54:38+00:00","dateModified":"2019-04-30T10:56:59+00:00","breadcrumb":{"@id":"https:\/\/esporttalentcanarias.es\/aviso-legal\/#breadcrumb"},"inLanguage":"en-US","potentialAction":[{"@type":"ReadAction","target":["https:\/\/esporttalentcanarias.es\/aviso-legal\/"]}]},{"@type":"BreadcrumbList","@id":"https:\/\/esporttalentcanarias.es\/aviso-legal\/#breadcrumb","itemListElement":[{"@type":"ListItem","position":1,"name":"Portada","item":"https:\/\/esporttalentcanarias.es\/"},{"@type":"ListItem","position":2,"name":"Aviso Legal"}]}]}},"_links":{"self":[{"href":"https:\/\/esporttalentcanarias.es\/en\/wp-json\/wp\/v2\/pages\/2572"}],"collection":[{"href":"https:\/\/esporttalentcanarias.es\/en\/wp-json\/wp\/v2\/pages"}],"about":[{"href":"https:\/\/esporttalentcanarias.es\/en\/wp-json\/wp\/v2\/types\/page"}],"author":[{"embeddable":true,"href":"https:\/\/esporttalentcanarias.es\/en\/wp-json\/wp\/v2\/users\/3"}],"replies":[{"embeddable":true,"href":"https:\/\/esporttalentcanarias.es\/en\/wp-json\/wp\/v2\/comments?post=2572"}],"version-history":[{"count":4,"href":"https:\/\/esporttalentcanarias.es\/en\/wp-json\/wp\/v2\/pages\/2572\/revisions"}],"predecessor-version":[{"id":2576,"href":"https:\/\/esporttalentcanarias.es\/en\/wp-json\/wp\/v2\/pages\/2572\/revisions\/2576"}],"wp:attachment":[{"href":"https:\/\/esporttalentcanarias.es\/en\/wp-json\/wp\/v2\/media?parent=2572"}],"curies":[{"name":"wp","href":"https:\/\/api.w.org\/{rel}","templated":true}]}}