{"id":2333,"date":"2018-12-07T10:18:41","date_gmt":"2018-12-07T10:18:41","guid":{"rendered":"http:\/\/esporttalencanarias.es\/?page_id=2333"},"modified":"2019-09-25T17:24:20","modified_gmt":"2019-09-25T17:24:20","slug":"cookies","status":"publish","type":"page","link":"https:\/\/esporttalentcanarias.es\/en\/cookies\/","title":{"rendered":"Cookies"},"content":{"rendered":"<section id=\"bt_bb_section69e3469921bff\" class=\"bt_bb_section bt_bb_layout_boxed_1200\"  data-bt-override-class=\"null\"><div class=\"bt_bb_port\"><div class=\"bt_bb_cell\"><div class=\"bt_bb_cell_inner\"><div class=\"bt_bb_row_wrapper\"><div  class=\"bt_bb_row\"  data-bt-override-class=\"{}\"><div  class=\"bt_bb_column col-xl-12 bt_bb_vertical_align_top bt_bb_align_left bt_bb_padding_normal\"  data-width=\"12\" data-bt-override-class=\"{}\"><div class=\"bt_bb_column_content\"><div class=\"bt_bb_column_content_inner\"><\/div><\/div><\/div><\/div><\/div><\/div><!-- cell_inner --><\/div><!-- cell --><\/div><!-- port --><\/section><section id=\"bt_bb_section69e3469921d7d\" class=\"bt_bb_section bt_bb_layout_boxed_1200\"  data-bt-override-class=\"null\"><div class=\"bt_bb_port\"><div class=\"bt_bb_cell\"><div class=\"bt_bb_cell_inner\"><div class=\"bt_bb_row_wrapper\"><div  class=\"bt_bb_row\"  data-bt-override-class=\"{}\"><div  class=\"bt_bb_column col-xl-12 bt_bb_vertical_align_top bt_bb_align_left bt_bb_padding_normal\"  data-width=\"12\" data-bt-override-class=\"{}\"><div class=\"bt_bb_column_content\"><div class=\"bt_bb_column_content_inner\"><div  class=\"bt_bb_text\" ><p><b>POL\u00cdTICA DE COOKIES PARA EL SITIO WEB ESPORTALENTCANARIAS<\/b><\/p>\n<p><span style=\"font-weight: 400;\">Este sitio web, al igual que la mayor\u00eda de los sitios en Internet, usa\u00a0Cookies\u00a0para mejorar y optimizar la experiencia del usuario.<\/span><\/p>\n<p><span style=\"font-weight: 400;\">A continuaci\u00f3n encontrar\u00e1 informaci\u00f3n detallada sobre qu\u00e9 son las\u00a0Cookies, qu\u00e9 tipo de\u00a0Cookies\u00a0utiliza este sitio web, c\u00f3mo puede desactivarlas en su navegador y c\u00f3mo bloquear espec\u00edficamente la instalaci\u00f3n de\u00a0Cookies\u00a0de terceros.<\/span><\/p>\n<p><b><br \/>\n\u00bfQu\u00e9 son las cookies?<\/b><\/p>\n<p><span style=\"font-weight: 400;\">Una cookie es un fichero que se descarga en el ordenador\/smartphone\/tablet del usuario al acceder a determinadas p\u00e1ginas web. Las cookies permiten a una p\u00e1gina web, entre otras cosas, almacenar y recuperar informaci\u00f3n sobre los h\u00e1bitos de navegaci\u00f3n de un usuario o de su equipo y, dependiendo de la informaci\u00f3n que contengan y de la forma en que utilice su equipo, pueden utilizarse para reconocer al usuario.<\/span><\/p>\n<p><span style=\"font-weight: 400;\">El uso de\u00a0Cookies\u00a0permite optimizar la navegaci\u00f3n, adaptando la informaci\u00f3n y los servicios ofrecidos a los intereses del usuario, para proporcionarle una mejor experiencia siempre que visita el sitio web. Este sitio web utiliza\u00a0Cookies\u00a0para funcionar, adaptar y facilitar al m\u00e1ximo la navegaci\u00f3n del usuario<\/span><\/p>\n<p><span style=\"font-weight: 400;\"><br \/>\n<\/span><b>\u00bfQu\u00e9 tipos de cookies utiliza esta p\u00e1gina web?<\/b><\/p>\n<p><span style=\"font-weight: 400;\">A continuaci\u00f3n se muestra una tabla con las Cookies utilizadas en este sitio Web:\u00a0<\/span><\/p>\n<table>\n<tbody>\n<tr>\n<td><b>CookieID<\/b><span style=\"font-weight: 400;\"><br \/>\n<\/span><span style=\"font-weight: 400;\">(ID de la cookie y como aparece en la cach\u00e9 del navegador)<\/span><\/td>\n<td><b>Tipo<\/b><span style=\"font-weight: 400;\"><br \/>\n<\/span><span style=\"font-weight: 400;\">(Propia o de terceros)<\/span><\/td>\n<td><b>Expiraci\u00f3n<\/b><span style=\"font-weight: 400;\"><br \/>\n<\/span><span style=\"font-weight: 400;\">(Fecha de caducidad de la cookie una vez instalada)<\/span><\/td>\n<td><b>Dominio<\/b><span style=\"font-weight: 400;\"><br \/>\n<\/span><span style=\"font-weight: 400;\">(Con qu\u00e9 dominio se asocia la cookie)<\/span><\/td>\n<td><b>Descripci\u00f3n<\/b><span style=\"font-weight: 400;\"><br \/>\n<\/span><span style=\"font-weight: 400;\">(Funcionamiento y finalidad de la cookie)<\/span><\/td>\n<\/tr>\n<tr>\n<td><b>PHPSESSID<\/b><\/td>\n<td><span style=\"font-weight: 400;\">Propia<\/span><\/td>\n<td><span style=\"font-weight: 400;\">Sesi\u00f3n<\/span><\/td>\n<td><span style=\"font-weight: 400;\">Esta web<\/span><\/td>\n<td><span style=\"font-weight: 400;\">Almacena la sesi\u00f3n del usuario actual de forma an\u00f3nima. Se destruye autom\u00e1ticamente al abandonar la p\u00e1gina.<\/span><\/td>\n<\/tr>\n<tr>\n<td><span style=\"font-weight: 400;\">_<\/span><b>ga<\/b><\/td>\n<td><span style=\"font-weight: 400;\">Terceros<\/span><\/td>\n<td><span style=\"font-weight: 400;\">2 a\u00f1os<\/span><\/td>\n<td><a href=\"http:\/\/www.google.es\/intl\/es\/analytics\/privacyoverview.html\"><span style=\"font-weight: 400;\">www.google.com\/analytics<\/span><\/a><\/td>\n<td><span style=\"font-weight: 400;\">Se emplea para distiguir entre usuarios.<\/span><\/td>\n<\/tr>\n<tr>\n<td><span style=\"font-weight: 400;\">__<\/span><b>utma<\/b><\/td>\n<td><span style=\"font-weight: 400;\">Terceros<\/span><\/td>\n<td><span style=\"font-weight: 400;\">2 a\u00f1os<\/span><\/td>\n<td><a href=\"http:\/\/www.google.es\/intl\/es\/analytics\/privacyoverview.html\"><span style=\"font-weight: 400;\">www.google.com\/analytics<\/span><\/a><\/td>\n<td><span style=\"font-weight: 400;\">Recopila datos como el n\u00famero de veces que un usuario ha estado en el sitio, cuando ha sido su primera visita y cuando se produjo su \u00faltima visita.<\/span><\/td>\n<\/tr>\n<tr>\n<td><span style=\"font-weight: 400;\">__<\/span><b>utmb<\/b><\/td>\n<td><span style=\"font-weight: 400;\">Terceros<\/span><\/td>\n<td><span style=\"font-weight: 400;\">30 minutos<\/span><\/td>\n<td><a href=\"http:\/\/www.google.es\/intl\/es\/analytics\/privacyoverview.html\"><span style=\"font-weight: 400;\">www.google.com\/analytics<\/span><\/a><\/td>\n<td><span style=\"font-weight: 400;\">Toma una fecha y hora en el momento exacto que entra el usuario a la web as\u00ed toma el tiempo que ha estado un visitante en el sitio. Utilizado por Google Analytics para calcular el tiempo que tarda una visita en el sitio web.<\/span><\/td>\n<\/tr>\n<tr>\n<td><span style=\"font-weight: 400;\">__<\/span><b>utmc<\/b><\/td>\n<td><span style=\"font-weight: 400;\">Terceros<\/span><\/td>\n<td><span style=\"font-weight: 400;\">Sesi\u00f3n<\/span><\/td>\n<td><a href=\"http:\/\/www.google.es\/intl\/es\/analytics\/privacyoverview.html\"><span style=\"font-weight: 400;\">www.google.com\/analytics<\/span><\/a><\/td>\n<td><span style=\"font-weight: 400;\">Actualmente no se usa. Se conserva por compatibilidad con versiones antiguas de Urchin. Se empleaba para detectar nuevas visitas \/sesiones.<\/span><\/td>\n<\/tr>\n<tr>\n<td><span style=\"font-weight: 400;\">__utmv<\/span><\/td>\n<td><span style=\"font-weight: 400;\">Terceros<\/span><\/td>\n<td><span style=\"font-weight: 400;\">2 a\u00f1os<\/span><\/td>\n<td><a href=\"http:\/\/www.google.es\/intl\/es\/analytics\/privacyoverview.html\"><span style=\"font-weight: 400;\">www.google.com\/analytics<\/span><\/a><\/td>\n<td><span style=\"font-weight: 400;\">Se emplea si el desarrollador del sitio utiliza variables personalizadas en Google Analytics, por ejemplo para segmentar en base a datos demogr\u00e1ficos.<\/span><\/td>\n<\/tr>\n<\/tbody>\n<\/table>\n<p><b><br \/>\nRevocaci\u00f3n y eliminaci\u00f3n de cookies<\/b><\/p>\n<p><span style=\"font-weight: 400;\">\u00a0<\/span><span style=\"font-weight: 400;\">Usted puede permitir, bloquear o eliminar las cookies instaladas en su equipo mediante la configuraci\u00f3n de las opciones del navegador instalado en su ordenador, por ejemplo:<\/span><\/p>\n<ul>\n<li style=\"font-weight: 400;\"><span style=\"font-weight: 400;\">Chrome desde <\/span><a href=\"http:\/\/support.google.com\/chrome\/bin\/answer.py?hl=es&amp;answer=95647\"><span style=\"font-weight: 400;\">http:\/\/support.google.com\/chrome\/bin\/answer.py?hl=es&amp;answer=95647<\/span><\/a><span style=\"font-weight: 400;\">\u00a0<\/span><\/li>\n<li style=\"font-weight: 400;\"><span style=\"font-weight: 400;\">Explorer desde <\/span><a href=\"http:\/\/windows.microsoft.com\/es-es\/windows7\/how-to-manage-cookies-in-internet-explorer-9\"><span style=\"font-weight: 400;\">http:\/\/windows.microsoft.com\/es-es\/windows7\/how-to-manage-cookies-in-internet-explorer-9<\/span><\/a><span style=\"font-weight: 400;\">\u00a0<\/span><\/li>\n<li style=\"font-weight: 400;\"><span style=\"font-weight: 400;\">Firefox desde <\/span><a href=\"http:\/\/support.mozilla.org\/es\/products\/firefox\/cookies\"><span style=\"font-weight: 400;\">http:\/\/support.mozilla.org\/es\/products\/firefox\/cookies<\/span><\/a><span style=\"font-weight: 400;\">\u00a0<\/span><\/li>\n<li style=\"font-weight: 400;\"><a href=\"https:\/\/support.mozilla.org\/es\/kb\/habilitar-y-deshabilitar-cookies-sitios-web-rastrear-preferencias?redirectlocale=es&amp;redirectslug=habilitar-y-deshabilitar-cookies-que-los-sitios-we\"><span style=\"font-weight: 400;\">https:\/\/support.mozilla.org\/es\/kb\/habilitar-y-deshabilitar-cookies-sitios-web-rastrear-preferencias?redirectlocale=es&amp;redirectslug=habilitar-y-deshabilitar-cookies-que-los-sitios-we<\/span><\/a><span style=\"font-weight: 400;\">\u00a0<\/span><\/li>\n<li style=\"font-weight: 400;\"><span style=\"font-weight: 400;\">Safari desde <\/span><a href=\"http:\/\/support.apple.com\/kb\/ph5042\"><span style=\"font-weight: 400;\">http:\/\/support.apple.com\/kb\/ph5042<\/span><\/a><\/li>\n<\/ul>\n<p><b>\u00bfQu\u00e9 ocurre al deshabilitar las cookies?<\/b><\/p>\n<p><span style=\"font-weight: 400;\">Algunas funcionalidades y servicios pueden quedar deshabilitados o tener un comportamiento diferente al esperado como, por ejemplo, permanecer identificado, mantener las compras en el \u201ccarrito de la compra\u201d en un servicio de comercio electr\u00f3nico o recibir informaci\u00f3n dirigida a su localizaci\u00f3n, entre otros.<\/span><\/p>\n<p><span style=\"font-weight: 400;\">Si deshabilita el uso de\u00a0Cookies\u00a0en este sitio web es probable que deje de poder acceder a ciertas zonas del mismo o que se degrade notablemente la experiencia de navegaci\u00f3n en el mismo.<\/span><\/p>\n<p><b>Actualizaci\u00f3n de la pol\u00edtica de cookies<\/b><\/p>\n<p><span style=\"font-weight: 400;\">La <\/span><b>Asociaci\u00f3n eSports y deporte digital<\/b><span style=\"font-weight: 400;\">\u00a0puede modificar esta\u00a0Pol\u00edtica de cookies\u00a0en funci\u00f3n de exigencias legislativas, reglamentarias, o con la finalidad de adaptar dicha pol\u00edtica a las instrucciones dictadas por la Agencia Espa\u00f1ola de Protecci\u00f3n de Datos, por ello se aconseja a los usuarios que la visiten peri\u00f3dicamente.<\/span><\/p>\n<p><span style=\"font-weight: 400;\">Cuando se produzcan cambios significativos en esta\u00a0Pol\u00edtica de cookies, se comunicar\u00e1 a los usuarios bien mediante la web o a trav\u00e9s de correo electr\u00f3nico a los usuarios registrados.<\/span><\/p>\n<p><b>AVISO LEGAL<\/b><\/p>\n<p><span style=\"font-weight: 400;\">Google Analytics<\/span><\/p>\n<p><span style=\"font-weight: 400;\">Esta p\u00e1gina web utiliza Google Analytics, un servicio anal\u00edtico de web prestado por Google, Inc., una compa\u00f1\u00eda de Delaware cuya oficina principal esta en 1600 Amphitheatre Parkway, Mountain View (California), CA 94043, Estados Unidos<\/span> <span style=\"font-weight: 400;\">(\u201cGoogle\u201d).<\/span><\/p>\n<p><span style=\"font-weight: 400;\">Google Analytics utiliza \u201ccookies\u201d, que son archivos de texto ubicados en su ordenador, para ayudar al website a analizar el uso que hacen los usuarios del sitio web. La informaci\u00f3n que genera la cookie acerca de su uso del website (incluyendo su direcci\u00f3n IP) ser\u00e1 directamente transmitida y archivada por Google en los servidores de Estados Unidos. Google usar\u00e1 esta informaci\u00f3n por cuenta nuestra con el prop\u00f3sito de seguir la pista de su uso del website, recopilando informes de la actividad del website y prestando otros servicios relacionados con la actividad del website y el uso de Internet. Google podr\u00e1 transmitir dicha informaci\u00f3n a terceros cuando as\u00ed se lo requiera la legislaci\u00f3n, o cuando dichos terceros procesen la informaci\u00f3n por cuenta de Google. Google no asociar\u00e1 su direcci\u00f3n IP con ning\u00fan otro dato del que disponga Google.<\/span><\/p>\n<p><span style=\"font-weight: 400;\">Puede Usted rechazar el tratamiento de los datos o la informaci\u00f3n rechazando el uso de cookies mediante la selecci\u00f3n de la configuraci\u00f3n apropiada de su navegador, sin embargo, debe Usted saber que si lo hace puede ser que no pueda usar la plena funcionabilidad de este website. Al utilizar este website Usted consiente el tratamiento de informaci\u00f3n acerca de Usted por Google en la forma y para los fines arriba indicados.<\/span><\/p>\n<p><span style=\"font-weight: 400;\">http:\/\/www.google.com\/intl\/es\/policies\/privacy\/<\/span><\/p>\n<\/div><div class=\"bt_bb_separator bt_bb_border_style_none bt_bb_top_spacing_normal\" data-bt-override-class=\"null\"><\/div><div class=\"bt_bb_image bt_bb_shape_square bt_bb_target_self bt_bb_align_inherit bt_bb_hover_style_simple bt_bb_content_display_always bt_bb_content_align_middle\" data-bt-override-class=\"{}\"><span><img width=\"1935\" height=\"115\" src=\"https:\/\/esporttalentcanarias.es\/wp-content\/uploads\/2018\/12\/asociaciondeWeb.png\" class=\"attachment-full size-full\" alt=\"https:\/\/esporttalentcanarias.es\/wp-content\/uploads\/2018\/12\/asociaciondeWeb.png\" data-full_image_src=\"https:\/\/esporttalentcanarias.es\/wp-content\/uploads\/2018\/12\/asociaciondeWeb.png\" title=\"asociaciondeWeb\" srcset=\"https:\/\/esporttalentcanarias.es\/wp-content\/uploads\/2018\/12\/asociaciondeWeb.png 1935w, https:\/\/esporttalentcanarias.es\/wp-content\/uploads\/2018\/12\/asociaciondeWeb-640x38.png 640w, https:\/\/esporttalentcanarias.es\/wp-content\/uploads\/2018\/12\/asociaciondeWeb-768x46.png 768w, https:\/\/esporttalentcanarias.es\/wp-content\/uploads\/2018\/12\/asociaciondeWeb-1280x76.png 1280w, https:\/\/esporttalentcanarias.es\/wp-content\/uploads\/2018\/12\/asociaciondeWeb-320x19.png 320w\" sizes=\"(max-width: 1935px) 100vw, 1935px\" \/><\/span><\/div><div class=\"bt_bb_separator bt_bb_border_style_none bt_bb_top_spacing_normal bt_bb_bottom_spacing_small\" data-bt-override-class=\"null\"><\/div><\/div><\/div><\/div><\/div><\/div><\/div><!-- cell_inner --><\/div><!-- cell --><\/div><!-- port --><\/section>","protected":false},"excerpt":{"rendered":"","protected":false},"author":3,"featured_media":0,"parent":0,"menu_order":0,"comment_status":"closed","ping_status":"closed","template":"","meta":{"_mi_skip_tracking":false},"yoast_head":"<!-- This site is optimized with the Yoast SEO plugin v19.3 - https:\/\/yoast.com\/wordpress\/plugins\/seo\/ -->\n<title>Cookies - esporttalencanarias<\/title>\n<meta name=\"robots\" content=\"index, follow, max-snippet:-1, max-image-preview:large, max-video-preview:-1\" \/>\n<link rel=\"canonical\" href=\"https:\/\/esporttalentcanarias.es\/en\/cookies\/\" \/>\n<meta property=\"og:locale\" content=\"en_US\" \/>\n<meta property=\"og:type\" content=\"article\" \/>\n<meta property=\"og:title\" content=\"Cookies - esporttalencanarias\" \/>\n<meta property=\"og:url\" content=\"https:\/\/esporttalentcanarias.es\/en\/cookies\/\" \/>\n<meta property=\"og:site_name\" content=\"esporttalencanarias\" \/>\n<meta property=\"article:modified_time\" content=\"2019-09-25T17:24:20+00:00\" \/>\n<meta name=\"twitter:card\" content=\"summary_large_image\" \/>\n<meta name=\"twitter:label1\" content=\"Est. reading time\" \/>\n\t<meta name=\"twitter:data1\" content=\"6 minutes\" \/>\n<script type=\"application\/ld+json\" class=\"yoast-schema-graph\">{\"@context\":\"https:\/\/schema.org\",\"@graph\":[{\"@type\":\"Organization\",\"@id\":\"https:\/\/esporttalentcanarias.es\/#organization\",\"name\":\"Esport talent canarias\",\"url\":\"https:\/\/esporttalentcanarias.es\/\",\"sameAs\":[],\"logo\":{\"@type\":\"ImageObject\",\"inLanguage\":\"en-US\",\"@id\":\"https:\/\/esporttalentcanarias.es\/#\/schema\/logo\/image\/\",\"url\":\"https:\/\/esporttalentcanarias.es\/wp-content\/uploads\/2019\/06\/cropped-esport-abajo-1.png\",\"contentUrl\":\"https:\/\/esporttalentcanarias.es\/wp-content\/uploads\/2019\/06\/cropped-esport-abajo-1.png\",\"width\":512,\"height\":512,\"caption\":\"Esport talent canarias\"},\"image\":{\"@id\":\"https:\/\/esporttalentcanarias.es\/#\/schema\/logo\/image\/\"}},{\"@type\":\"WebSite\",\"@id\":\"https:\/\/esporttalentcanarias.es\/#website\",\"url\":\"https:\/\/esporttalentcanarias.es\/\",\"name\":\"esporttalencanarias\",\"description\":\"eSportTalents\",\"publisher\":{\"@id\":\"https:\/\/esporttalentcanarias.es\/#organization\"},\"potentialAction\":[{\"@type\":\"SearchAction\",\"target\":{\"@type\":\"EntryPoint\",\"urlTemplate\":\"https:\/\/esporttalentcanarias.es\/?s={search_term_string}\"},\"query-input\":\"required name=search_term_string\"}],\"inLanguage\":\"en-US\"},{\"@type\":\"WebPage\",\"@id\":\"https:\/\/esporttalentcanarias.es\/en\/cookies\/\",\"url\":\"https:\/\/esporttalentcanarias.es\/en\/cookies\/\",\"name\":\"Cookies - esporttalencanarias\",\"isPartOf\":{\"@id\":\"https:\/\/esporttalentcanarias.es\/#website\"},\"datePublished\":\"2018-12-07T10:18:41+00:00\",\"dateModified\":\"2019-09-25T17:24:20+00:00\",\"breadcrumb\":{\"@id\":\"https:\/\/esporttalentcanarias.es\/en\/cookies\/#breadcrumb\"},\"inLanguage\":\"en-US\",\"potentialAction\":[{\"@type\":\"ReadAction\",\"target\":[\"https:\/\/esporttalentcanarias.es\/en\/cookies\/\"]}]},{\"@type\":\"BreadcrumbList\",\"@id\":\"https:\/\/esporttalentcanarias.es\/en\/cookies\/#breadcrumb\",\"itemListElement\":[{\"@type\":\"ListItem\",\"position\":1,\"name\":\"Portada\",\"item\":\"https:\/\/esporttalentcanarias.es\/\"},{\"@type\":\"ListItem\",\"position\":2,\"name\":\"Cookies\"}]}]}<\/script>\n<!-- \/ Yoast SEO plugin. -->","yoast_head_json":{"title":"Cookies - esporttalencanarias","robots":{"index":"index","follow":"follow","max-snippet":"max-snippet:-1","max-image-preview":"max-image-preview:large","max-video-preview":"max-video-preview:-1"},"canonical":"https:\/\/esporttalentcanarias.es\/en\/cookies\/","og_locale":"en_US","og_type":"article","og_title":"Cookies - esporttalencanarias","og_url":"https:\/\/esporttalentcanarias.es\/en\/cookies\/","og_site_name":"esporttalencanarias","article_modified_time":"2019-09-25T17:24:20+00:00","twitter_card":"summary_large_image","twitter_misc":{"Est. reading time":"6 minutes"},"schema":{"@context":"https:\/\/schema.org","@graph":[{"@type":"Organization","@id":"https:\/\/esporttalentcanarias.es\/#organization","name":"Esport talent canarias","url":"https:\/\/esporttalentcanarias.es\/","sameAs":[],"logo":{"@type":"ImageObject","inLanguage":"en-US","@id":"https:\/\/esporttalentcanarias.es\/#\/schema\/logo\/image\/","url":"https:\/\/esporttalentcanarias.es\/wp-content\/uploads\/2019\/06\/cropped-esport-abajo-1.png","contentUrl":"https:\/\/esporttalentcanarias.es\/wp-content\/uploads\/2019\/06\/cropped-esport-abajo-1.png","width":512,"height":512,"caption":"Esport talent canarias"},"image":{"@id":"https:\/\/esporttalentcanarias.es\/#\/schema\/logo\/image\/"}},{"@type":"WebSite","@id":"https:\/\/esporttalentcanarias.es\/#website","url":"https:\/\/esporttalentcanarias.es\/","name":"esporttalencanarias","description":"eSportTalents","publisher":{"@id":"https:\/\/esporttalentcanarias.es\/#organization"},"potentialAction":[{"@type":"SearchAction","target":{"@type":"EntryPoint","urlTemplate":"https:\/\/esporttalentcanarias.es\/?s={search_term_string}"},"query-input":"required name=search_term_string"}],"inLanguage":"en-US"},{"@type":"WebPage","@id":"https:\/\/esporttalentcanarias.es\/en\/cookies\/","url":"https:\/\/esporttalentcanarias.es\/en\/cookies\/","name":"Cookies - esporttalencanarias","isPartOf":{"@id":"https:\/\/esporttalentcanarias.es\/#website"},"datePublished":"2018-12-07T10:18:41+00:00","dateModified":"2019-09-25T17:24:20+00:00","breadcrumb":{"@id":"https:\/\/esporttalentcanarias.es\/en\/cookies\/#breadcrumb"},"inLanguage":"en-US","potentialAction":[{"@type":"ReadAction","target":["https:\/\/esporttalentcanarias.es\/en\/cookies\/"]}]},{"@type":"BreadcrumbList","@id":"https:\/\/esporttalentcanarias.es\/en\/cookies\/#breadcrumb","itemListElement":[{"@type":"ListItem","position":1,"name":"Portada","item":"https:\/\/esporttalentcanarias.es\/"},{"@type":"ListItem","position":2,"name":"Cookies"}]}]}},"_links":{"self":[{"href":"https:\/\/esporttalentcanarias.es\/en\/wp-json\/wp\/v2\/pages\/2333"}],"collection":[{"href":"https:\/\/esporttalentcanarias.es\/en\/wp-json\/wp\/v2\/pages"}],"about":[{"href":"https:\/\/esporttalentcanarias.es\/en\/wp-json\/wp\/v2\/types\/page"}],"author":[{"embeddable":true,"href":"https:\/\/esporttalentcanarias.es\/en\/wp-json\/wp\/v2\/users\/3"}],"replies":[{"embeddable":true,"href":"https:\/\/esporttalentcanarias.es\/en\/wp-json\/wp\/v2\/comments?post=2333"}],"version-history":[{"count":7,"href":"https:\/\/esporttalentcanarias.es\/en\/wp-json\/wp\/v2\/pages\/2333\/revisions"}],"predecessor-version":[{"id":2834,"href":"https:\/\/esporttalentcanarias.es\/en\/wp-json\/wp\/v2\/pages\/2333\/revisions\/2834"}],"wp:attachment":[{"href":"https:\/\/esporttalentcanarias.es\/en\/wp-json\/wp\/v2\/media?parent=2333"}],"curies":[{"name":"wp","href":"https:\/\/api.w.org\/{rel}","templated":true}]}}