{"id":2331,"date":"2018-12-07T10:18:31","date_gmt":"2018-12-07T10:18:31","guid":{"rendered":"http:\/\/esporttalencanarias.es\/?page_id=2331"},"modified":"2019-07-04T14:07:22","modified_gmt":"2019-07-04T14:07:22","slug":"politica-de-privacidad","status":"publish","type":"page","link":"https:\/\/esporttalentcanarias.es\/en\/politica-de-privacidad\/","title":{"rendered":"Privacy Policy"},"content":{"rendered":"<section id=\"bt_bb_section69eb3c2677385\" class=\"bt_bb_section bt_bb_layout_boxed_1200\"  data-bt-override-class=\"null\"><div class=\"bt_bb_port\"><div class=\"bt_bb_cell\"><div class=\"bt_bb_cell_inner\"><div class=\"bt_bb_row_wrapper\"><div  class=\"bt_bb_row\"  data-bt-override-class=\"{}\"><div  class=\"bt_bb_column col-xl-12 bt_bb_vertical_align_top bt_bb_align_left bt_bb_padding_normal\"  data-width=\"12\" data-bt-override-class=\"{}\"><div class=\"bt_bb_column_content\"><div class=\"bt_bb_column_content_inner\"><div class=\"bt_bb_separator bt_bb_border_style_none bt_bb_top_spacing_normal\" data-bt-override-class=\"null\"><\/div><div class=\"bt_bb_separator bt_bb_border_style_none bt_bb_top_spacing_normal bt_bb_bottom_spacing_small\" data-bt-override-class=\"null\"><\/div><div  class=\"bt_bb_text\" ><p>En la Asociaci\u00f3n eSport y Deporte Digital (en adelante, el Responsable) estamos especialmente sensibilizados en la protecci\u00f3n de datos de car\u00e1cter personal de los Usuarios de los servicios que ofrecemos, con independencia del canal o medio (online o en persona) utilizado para interactuar con nosotros. La presente Pol\u00edtica de Privacidad aplica a todos los datos de car\u00e1cter personal que el usuario aporte al Responsable, ya sea a trav\u00e9s de formularios online o en papel.<\/p>\n<p>A los efectos de la presente Pol\u00edtica de Privacidad, \u00a0debe entenderse como \u201cusuario\u201d a toda persona f\u00edsica interesada en los productos o servicios que el Responsable ofrece a trav\u00e9s de sus p\u00e1ginas web. El responsable del tratamiento, solicitar\u00e1 con car\u00e1cter previo a la aportaci\u00f3n de sus datos de car\u00e1cter personal, el consentimiento expreso del Usuario a la presente Pol\u00edtica de Privacidad, cuando as\u00ed sea necesario y a cualquier otro aspecto que requiera la autorizaci\u00f3n del mismo.<\/p>\n<p>El Responsable se reserva la facultad de modificar esta Pol\u00edtica con el objeto de adaptarla a novedades legislativas, criterios jurisprudenciales, pr\u00e1cticas del sector, o intereses de la entidad. Cualquier modificaci\u00f3n en la misma ser\u00e1 anunciada con la debida antelaci\u00f3n, a fin de que tenga perfecto conocimiento de su contenido.<\/p>\n<\/div><div class=\"bt_bb_separator bt_bb_border_style_none bt_bb_top_spacing_normal bt_bb_bottom_spacing_small\" data-bt-override-class=\"null\"><\/div><div  class=\"bt_bb_text\" ><p><strong>RESPONSABLE<\/strong><\/p>\n<p>El Responsable del Tratamiento de los datos de car\u00e1cter personal es la Asociaci\u00f3n eSport y Deporte Digital.<\/p>\n<p>Domicilio social: Avda. Juan Carlos I. N\u00famero 29\u200b. \u200bC.C. LAS RAMBLAS 114-116. CP: 35019, \u200bde Las Palmas de Gran Canaria.<\/p>\n<p>CIF: G-76323526<\/p>\n<\/div><div class=\"bt_bb_separator bt_bb_border_style_none bt_bb_top_spacing_normal bt_bb_bottom_spacing_small\" data-bt-override-class=\"null\"><\/div><div  class=\"bt_bb_text\" ><p><strong>FINALIDAD<\/strong><\/p>\n<p>La finalidad de la recogida y tratamiento de los datos personales, a trav\u00e9s del correo electr\u00f3nico o formularios propiedad del Responsable, puestos a disposici\u00f3n de los Usuarios, responde, seg\u00fan el caso concreto, para gestionar y atender a solicitudes de informaci\u00f3n, dudas o sugerencias;\u00a0 o bien para gestionar y atender la solicitud de inscripci\u00f3n del usuario como miembro de la<\/p>\n<p>Asociaci\u00f3n; o bien como participante en cualesquiera servicios o actividades, estudios de investigaci\u00f3n, actos o eventos organizados, ofertados, patrocinados y\/o sponsorizados por el Responsable. O tambi\u00e9n para que se le informe sobre otras actividades, eventos, productos y\/o servicios que puedan resultar de su inter\u00e9s. En el caso de que el usuario haya otorgado su consentimiento para el tratamiento de im\u00e1genes que puedan tomarse del mismo,\u00a0 la finalidad tendr\u00e1 siempre car\u00e1cter educativo o promocional no comercial, especialmente mediante la comunicaci\u00f3n y publicaci\u00f3n al p\u00fablico en los siguientes medios: P\u00e1gina web del responsable; redes sociales; publicaciones; montajes multimedia; documentos informativos de la actividad (folletos informativos, carteles promocionales de actividades, etc.<\/p>\n<\/div><div class=\"bt_bb_separator bt_bb_border_style_none bt_bb_top_spacing_normal bt_bb_bottom_spacing_small\" data-bt-override-class=\"null\"><\/div><div  class=\"bt_bb_text\" ><p><strong>LEGITIMACI\u00d3N<\/strong><\/p>\n<p>La Asociaci\u00f3n eSport y Deporte Digital est\u00e1 legitimada al tratamiento de datos personales, en base al consentimiento otorgado por el interesado mediante la firma, env\u00edo o aceptaci\u00f3n de los pertinentes formularios o correos electr\u00f3nicos, para uno o varios fines espec\u00edficos, tal y como recoge el art\u00edculo 6.1. a) del Reglamento General de Protecci\u00f3n de datos personales.<\/p>\n<\/div><div class=\"bt_bb_separator bt_bb_border_style_none bt_bb_top_spacing_normal bt_bb_bottom_spacing_small\" data-bt-override-class=\"null\"><\/div><div  class=\"bt_bb_text\" ><p><strong>PLAZO DE CONSERVACI\u00d3N<\/strong><\/p>\n<p>Los datos personales proporcionados se conservar\u00e1n mientras no se solicite su supresi\u00f3n, y en cualquier caso, durante el plazo correspondiente para cumplir con las obligaciones legales.<\/p>\n<\/div><div class=\"bt_bb_separator bt_bb_border_style_none bt_bb_top_spacing_normal bt_bb_bottom_spacing_small\" data-bt-override-class=\"null\"><\/div><div  class=\"bt_bb_text\" ><p><strong>EXACTITUD DE LOS DATOS<\/strong><\/p>\n<p>Con el fin de que los datos obrantes en nuestros ficheros, inform\u00e1ticos y\/o en papel, siempre correspondan a la realidad, se tratar\u00e1n de mantener actualizados. De manera que, a estos efectos, el Usuario deber\u00e1 realizar los cambios, directamente, cuando as\u00ed est\u00e9 habilitado o comunic\u00e1ndose, por medio fehaciente, al \u00e1rea de administraci\u00f3n del Responsable<\/p>\n<\/div><div class=\"bt_bb_separator bt_bb_border_style_none bt_bb_top_spacing_normal bt_bb_bottom_spacing_small\" data-bt-override-class=\"null\"><\/div><div  class=\"bt_bb_text\" ><p><strong>DESTINATARIOS<\/strong><\/p>\n<p>Los datos personales recabados a trav\u00e9s del correo electr\u00f3nico o formularios propiedad del responsable del tratamiento, no ser\u00e1n cedidos o comunicados a terceros, salvo obligaci\u00f3n legal, as\u00ed como en los casos espec\u00edficos, de los que se informe expresamente al Usuario.<\/p>\n<p><strong>TRANSFERENCIAS DE DATOS A TERCEROS PA\u00cdSES<\/strong><\/p>\n<p>No est\u00e1n previstas transferencias de datos a terceros pa\u00edses.<\/p>\n<\/div><div class=\"bt_bb_separator bt_bb_border_style_none bt_bb_top_spacing_normal bt_bb_bottom_spacing_small\" data-bt-override-class=\"null\"><\/div><div  class=\"bt_bb_text\" ><p><strong>DERECHOS DE LOS USUARIOS<\/strong><\/p>\n<p>Cualquier persona tiene derecho a obtener confirmaci\u00f3n sobre si en la Asociaci\u00f3n eSport y Deporte Digital estamos tratando datos personales que les conciernan, o no.<\/p>\n<p>Las personas interesadas tienen derecho a acceder a sus datos personales, as\u00ed como a solicitar la rectificaci\u00f3n de los datos inexactos o, en su caso, solicitar su supresi\u00f3n cuando, entre otros motivos, los datos ya no sean necesarios para los fines que fueron recogidos.<\/p>\n<p>En determinadas circunstancias, los interesados podr\u00e1n solicitar la limitaci\u00f3n del tratamiento de sus datos, en cuyo caso \u00fanicamente los conservaremos para el ejercicio o la defensa de reclamaciones. Asimismo, en los supuestos legalmente establecidos, tendr\u00e1 derecho a la portabilidad de sus datos personales.<\/p>\n<p>En determinadas circunstancias y por motivos relacionados con su situaci\u00f3n particular, los interesados podr\u00e1n oponerse al tratamiento de sus datos. En este caso, la Asociaci\u00f3n eSport y Deporte Digital dejar\u00e1 de tratar los datos, salvo por motivos leg\u00edtimos imperiosos, o el ejercicio o la defensa de posibles reclamaciones.<\/p>\n<p>El interesado podr\u00e1 ejercitar tales derechos mediante solicitud acompa\u00f1ada de una fotocopia de su D.N.I, y en la que especificar\u00e1 cu\u00e1l de \u00e9stos solicita sea satisfecho, remitida a la direcci\u00f3n (domicilio social a estos efectos en):<\/p>\n<p>Avda. Juan Carlos I. N\u00famero 29\u200b. \u200bC.C. LAS RAMBLAS 114-116. CP: 35019, \u200bde Las Palmas de Gran Canaria. O a la siguiente direcci\u00f3n de email: <a href=\"mailto:esporttalent.canarias@gmail.com\"><em>esporttalent.canarias@gmail.com<\/em><\/a><\/p>\n<p>Si ha otorgado su consentimiento para alguna finalidad concreta, tiene derecho a retirar el consentimiento otorgado en cualquier momento, sin que ello afecte a la licitud del tratamiento basado en el consentimiento previo a su retirada.<\/p>\n<p>En caso de que sienta vulnerados sus derechos en lo concerniente a la protecci\u00f3n de sus datos personales, especialmente cuando no haya obtenido satisfacci\u00f3n en el ejercicio de sus derechos, puede presentar una reclamaci\u00f3n ante la Autoridad de Control en materia de Protecci\u00f3n de Datos competente a trav\u00e9s de su sitio web: www.agpd.es.<\/p>\n<\/div><div class=\"bt_bb_separator bt_bb_border_style_none bt_bb_top_spacing_normal bt_bb_bottom_spacing_small\" data-bt-override-class=\"null\"><\/div><div  class=\"bt_bb_text\" ><p><strong>MEDIDAS DE SEGURIDAD<\/strong><\/p>\n<p>Finalmente se informa de que el Responsable del tratamiento aplicar\u00e1 las medidas t\u00e9cnicas y organizativas adecuadas, dando cumplimiento al principio de responsabilidad proactiva, a fin de garantizar la seguridad y confidencialidad de los datos almacenados, evitando as\u00ed, su alteraci\u00f3n, p\u00e9rdida, tratamiento o acceso no autorizado; teniendo en cuenta el estado de la t\u00e9cnica, los costes de aplicaci\u00f3n, y la naturaleza, el alcance, el contexto y los fines del tratamiento, as\u00ed como riesgos de probabilidad y gravedad variables asociadas a cada uno de los tratamientos<\/p>\n<p>Si tiene alguna pregunta sobre esta Pol\u00edtica de Privacidad, rogamos que se ponga en contacto con nosotros enviando un email a la direcci\u00f3n: <a href=\"mailto:esporttalent.canarias@gmail.com\"><em>esporttalent.canarias@gmail.com<\/em><\/a><\/p>\n<\/div><div class=\"bt_bb_separator bt_bb_border_style_none bt_bb_top_spacing_normal bt_bb_bottom_spacing_small\" data-bt-override-class=\"null\"><\/div><\/div><\/div><\/div><\/div><\/div><\/div><!-- cell_inner --><\/div><!-- cell --><\/div><!-- port --><\/section>","protected":false},"excerpt":{"rendered":"","protected":false},"author":3,"featured_media":0,"parent":0,"menu_order":0,"comment_status":"closed","ping_status":"closed","template":"","meta":{"_mi_skip_tracking":false},"yoast_head":"<!-- This site is optimized with the Yoast SEO plugin v19.3 - https:\/\/yoast.com\/wordpress\/plugins\/seo\/ -->\n<title>Pol\u00edtica de Privacidad - esporttalencanarias<\/title>\n<meta name=\"robots\" content=\"index, follow, max-snippet:-1, max-image-preview:large, max-video-preview:-1\" \/>\n<link rel=\"canonical\" href=\"https:\/\/esporttalentcanarias.es\/en\/politica-de-privacidad\/\" \/>\n<meta property=\"og:locale\" content=\"en_US\" \/>\n<meta property=\"og:type\" content=\"article\" \/>\n<meta property=\"og:title\" content=\"Pol\u00edtica de Privacidad - esporttalencanarias\" \/>\n<meta property=\"og:url\" content=\"https:\/\/esporttalentcanarias.es\/en\/politica-de-privacidad\/\" \/>\n<meta property=\"og:site_name\" content=\"esporttalencanarias\" \/>\n<meta property=\"article:modified_time\" content=\"2019-07-04T14:07:22+00:00\" \/>\n<meta name=\"twitter:card\" content=\"summary_large_image\" \/>\n<meta name=\"twitter:label1\" content=\"Est. reading time\" \/>\n\t<meta name=\"twitter:data1\" content=\"8 minutes\" \/>\n<script type=\"application\/ld+json\" class=\"yoast-schema-graph\">{\"@context\":\"https:\/\/schema.org\",\"@graph\":[{\"@type\":\"Organization\",\"@id\":\"https:\/\/esporttalentcanarias.es\/#organization\",\"name\":\"Esport talent canarias\",\"url\":\"https:\/\/esporttalentcanarias.es\/\",\"sameAs\":[],\"logo\":{\"@type\":\"ImageObject\",\"inLanguage\":\"en-US\",\"@id\":\"https:\/\/esporttalentcanarias.es\/#\/schema\/logo\/image\/\",\"url\":\"https:\/\/esporttalentcanarias.es\/wp-content\/uploads\/2019\/06\/cropped-esport-abajo-1.png\",\"contentUrl\":\"https:\/\/esporttalentcanarias.es\/wp-content\/uploads\/2019\/06\/cropped-esport-abajo-1.png\",\"width\":512,\"height\":512,\"caption\":\"Esport talent canarias\"},\"image\":{\"@id\":\"https:\/\/esporttalentcanarias.es\/#\/schema\/logo\/image\/\"}},{\"@type\":\"WebSite\",\"@id\":\"https:\/\/esporttalentcanarias.es\/#website\",\"url\":\"https:\/\/esporttalentcanarias.es\/\",\"name\":\"esporttalencanarias\",\"description\":\"eSportTalents\",\"publisher\":{\"@id\":\"https:\/\/esporttalentcanarias.es\/#organization\"},\"potentialAction\":[{\"@type\":\"SearchAction\",\"target\":{\"@type\":\"EntryPoint\",\"urlTemplate\":\"https:\/\/esporttalentcanarias.es\/?s={search_term_string}\"},\"query-input\":\"required name=search_term_string\"}],\"inLanguage\":\"en-US\"},{\"@type\":\"WebPage\",\"@id\":\"https:\/\/esporttalentcanarias.es\/politica-de-privacidad\/\",\"url\":\"https:\/\/esporttalentcanarias.es\/politica-de-privacidad\/\",\"name\":\"Pol\u00edtica de Privacidad - esporttalencanarias\",\"isPartOf\":{\"@id\":\"https:\/\/esporttalentcanarias.es\/#website\"},\"datePublished\":\"2018-12-07T10:18:31+00:00\",\"dateModified\":\"2019-07-04T14:07:22+00:00\",\"breadcrumb\":{\"@id\":\"https:\/\/esporttalentcanarias.es\/politica-de-privacidad\/#breadcrumb\"},\"inLanguage\":\"en-US\",\"potentialAction\":[{\"@type\":\"ReadAction\",\"target\":[\"https:\/\/esporttalentcanarias.es\/politica-de-privacidad\/\"]}]},{\"@type\":\"BreadcrumbList\",\"@id\":\"https:\/\/esporttalentcanarias.es\/politica-de-privacidad\/#breadcrumb\",\"itemListElement\":[{\"@type\":\"ListItem\",\"position\":1,\"name\":\"Portada\",\"item\":\"https:\/\/esporttalentcanarias.es\/\"},{\"@type\":\"ListItem\",\"position\":2,\"name\":\"Pol\u00edtica de Privacidad\"}]}]}<\/script>\n<!-- \/ Yoast SEO plugin. -->","yoast_head_json":{"title":"Pol\u00edtica de Privacidad - esporttalencanarias","robots":{"index":"index","follow":"follow","max-snippet":"max-snippet:-1","max-image-preview":"max-image-preview:large","max-video-preview":"max-video-preview:-1"},"canonical":"https:\/\/esporttalentcanarias.es\/en\/politica-de-privacidad\/","og_locale":"en_US","og_type":"article","og_title":"Pol\u00edtica de Privacidad - esporttalencanarias","og_url":"https:\/\/esporttalentcanarias.es\/en\/politica-de-privacidad\/","og_site_name":"esporttalencanarias","article_modified_time":"2019-07-04T14:07:22+00:00","twitter_card":"summary_large_image","twitter_misc":{"Est. reading time":"8 minutes"},"schema":{"@context":"https:\/\/schema.org","@graph":[{"@type":"Organization","@id":"https:\/\/esporttalentcanarias.es\/#organization","name":"Esport talent canarias","url":"https:\/\/esporttalentcanarias.es\/","sameAs":[],"logo":{"@type":"ImageObject","inLanguage":"en-US","@id":"https:\/\/esporttalentcanarias.es\/#\/schema\/logo\/image\/","url":"https:\/\/esporttalentcanarias.es\/wp-content\/uploads\/2019\/06\/cropped-esport-abajo-1.png","contentUrl":"https:\/\/esporttalentcanarias.es\/wp-content\/uploads\/2019\/06\/cropped-esport-abajo-1.png","width":512,"height":512,"caption":"Esport talent canarias"},"image":{"@id":"https:\/\/esporttalentcanarias.es\/#\/schema\/logo\/image\/"}},{"@type":"WebSite","@id":"https:\/\/esporttalentcanarias.es\/#website","url":"https:\/\/esporttalentcanarias.es\/","name":"esporttalencanarias","description":"eSportTalents","publisher":{"@id":"https:\/\/esporttalentcanarias.es\/#organization"},"potentialAction":[{"@type":"SearchAction","target":{"@type":"EntryPoint","urlTemplate":"https:\/\/esporttalentcanarias.es\/?s={search_term_string}"},"query-input":"required name=search_term_string"}],"inLanguage":"en-US"},{"@type":"WebPage","@id":"https:\/\/esporttalentcanarias.es\/politica-de-privacidad\/","url":"https:\/\/esporttalentcanarias.es\/politica-de-privacidad\/","name":"Pol\u00edtica de Privacidad - esporttalencanarias","isPartOf":{"@id":"https:\/\/esporttalentcanarias.es\/#website"},"datePublished":"2018-12-07T10:18:31+00:00","dateModified":"2019-07-04T14:07:22+00:00","breadcrumb":{"@id":"https:\/\/esporttalentcanarias.es\/politica-de-privacidad\/#breadcrumb"},"inLanguage":"en-US","potentialAction":[{"@type":"ReadAction","target":["https:\/\/esporttalentcanarias.es\/politica-de-privacidad\/"]}]},{"@type":"BreadcrumbList","@id":"https:\/\/esporttalentcanarias.es\/politica-de-privacidad\/#breadcrumb","itemListElement":[{"@type":"ListItem","position":1,"name":"Portada","item":"https:\/\/esporttalentcanarias.es\/"},{"@type":"ListItem","position":2,"name":"Pol\u00edtica de Privacidad"}]}]}},"_links":{"self":[{"href":"https:\/\/esporttalentcanarias.es\/en\/wp-json\/wp\/v2\/pages\/2331"}],"collection":[{"href":"https:\/\/esporttalentcanarias.es\/en\/wp-json\/wp\/v2\/pages"}],"about":[{"href":"https:\/\/esporttalentcanarias.es\/en\/wp-json\/wp\/v2\/types\/page"}],"author":[{"embeddable":true,"href":"https:\/\/esporttalentcanarias.es\/en\/wp-json\/wp\/v2\/users\/3"}],"replies":[{"embeddable":true,"href":"https:\/\/esporttalentcanarias.es\/en\/wp-json\/wp\/v2\/comments?post=2331"}],"version-history":[{"count":6,"href":"https:\/\/esporttalentcanarias.es\/en\/wp-json\/wp\/v2\/pages\/2331\/revisions"}],"predecessor-version":[{"id":2660,"href":"https:\/\/esporttalentcanarias.es\/en\/wp-json\/wp\/v2\/pages\/2331\/revisions\/2660"}],"wp:attachment":[{"href":"https:\/\/esporttalentcanarias.es\/en\/wp-json\/wp\/v2\/media?parent=2331"}],"curies":[{"name":"wp","href":"https:\/\/api.w.org\/{rel}","templated":true}]}}