{"id":154,"date":"2017-10-27T09:04:12","date_gmt":"2017-10-27T09:04:12","guid":{"rendered":"http:\/\/oxygen-club.omnicom-dev.com\/main-demo\/?page_id=154"},"modified":"2021-05-05T09:54:16","modified_gmt":"2021-05-05T09:54:16","slug":"familia","status":"publish","type":"page","link":"https:\/\/esporttalentcanarias.es\/en\/divulgacion\/familia\/","title":{"rendered":"family"},"content":{"rendered":"<section id=\"bt_bb_section69e35caee9135\" class=\"bt_bb_section bt_bb_layout_boxed_1200 bt_bb_vertical_align_top bt_bb_top_spacing_large bt_bb_bottom_spacing_medium\"  data-bt-override-class=\"null\"><div class=\"bt_bb_port\"><div class=\"bt_bb_cell\"><div class=\"bt_bb_cell_inner\"><div class=\"bt_bb_row_wrapper\"><div  class=\"bt_bb_row\"  data-bt-override-class=\"{}\"><div  class=\"bt_bb_column col-xl-12 bt_bb_vertical_align_top bt_bb_align_left bt_bb_padding_normal\"  data-width=\"12\" data-bt-override-class=\"{}\"><div class=\"bt_bb_column_content\"><div class=\"bt_bb_column_content_inner\"><header class=\"bt_bb_headline bt_bb_font_weight_light bt_bb_color_scheme_5 bt_bb_dash_none bt_bb_size_normal bt_bb_align_inherit\" style=\"; --primary-color:#191919; --secondary-color:#e87812;\" data-bt-override-class=\"{&quot;bt_bb_size_&quot;:{&quot;current_class&quot;:&quot;bt_bb_size_normal&quot;,&quot;xl&quot;:&quot;normal&quot;},&quot;bt_bb_align_&quot;:{&quot;current_class&quot;:&quot;bt_bb_align_inherit&quot;,&quot;xl&quot;:&quot;inherit&quot;}}\"><h2 class=\"bt_bb_headline_tag\"><span class=\"bt_bb_headline_content\"><span>Information about family and video games<\/span><\/span><\/h2><\/header><div class=\"bt_bb_separator bt_bb_border_style_none bt_bb_bottom_spacing_medium\" data-bt-override-class=\"null\"><\/div><\/div><\/div><\/div><\/div><\/div><div class=\"bt_bb_row_wrapper\"><div  class=\"bt_bb_row\"  data-bt-override-class=\"{}\"><div  class=\"bt_bb_column col-xl-12 bt_bb_vertical_align_top bt_bb_align_left bt_bb_padding_normal\"  data-width=\"12\" data-bt-override-class=\"{}\"><div class=\"bt_bb_column_content\"><div class=\"bt_bb_column_content_inner\"><div class=\"bt_bb_latest_posts bt_bb_columns_4 bt_bb_gap_normal bt_bb_image_shape_square\"><div class=\"bt_bb_latest_posts_item\"><div class=\"bt_bb_latest_posts_item_image\"><img src=\"https:\/\/esporttalentcanarias.es\/wp-content\/uploads\/2021\/05\/hijo-esports-e1620646137291.jpg\" alt=\"Mi hijo y los eSports a trav\u00e9s de una medida judicial\" title=\"Mi hijo y los eSports a trav\u00e9s de una medida judicial\"><\/div><div class=\"bt_bb_latest_posts_item_content\"><div class=\"bt_bb_latest_posts_item_category\"><ul class=\"post-categories\">\n\t<li><a href=\"https:\/\/esporttalentcanarias.es\/en\/familia\/\" rel=\"category tag\">familia<\/a><\/li><\/ul><\/div><h5 class=\"bt_bb_latest_posts_item_title\"><a href=\"https:\/\/esporttalentcanarias.es\/en\/2018\/07\/15\/mi-hijo-y-los-esports-a-traves-de-una-medida-judicial\/\" target=\"_self\">Mi hijo y los eSports a trav\u00e9s de una medida judicial<\/a><\/h5><div class=\"bt_bb_latest_posts_item_excerpt\">Reflexiono, lagrimeo y experimento sentimientos de tristeza y alegr\u00eda a la vez porque agradezco profundamente la intervenci\u00f3n socioeducativa recibida por educadores, t\u00e9cnicos de familia y psic\u00f3logos<\/div><\/div><\/div><div class=\"bt_bb_latest_posts_item\"><div class=\"bt_bb_latest_posts_item_image\"><img src=\"https:\/\/esporttalentcanarias.es\/wp-content\/uploads\/2018\/12\/vivir-hijo-1-e1620643898186.jpg\" alt=\"Vivir con mi hijo &#8216;gamer&#8217;\" title=\"Vivir con mi hijo &#8216;gamer&#8217;\"><\/div><div class=\"bt_bb_latest_posts_item_content\"><div class=\"bt_bb_latest_posts_item_category\"><ul class=\"post-categories\">\n\t<li><a href=\"https:\/\/esporttalentcanarias.es\/en\/familia\/\" rel=\"category tag\">familia<\/a><\/li><\/ul><\/div><h5 class=\"bt_bb_latest_posts_item_title\"><a href=\"https:\/\/esporttalentcanarias.es\/en\/2018\/06\/25\/vivir-con-mi-hijo-gamer\/\" target=\"_self\">Vivir con mi hijo &#8216;gamer&#8217;<\/a><\/h5><div class=\"bt_bb_latest_posts_item_excerpt\">Son muchas las personas que me preguntan c\u00f3mo he conseguido asimilar en casa este bombazo, pero sobre todo, c\u00f3mo he logrado aceptarlo, cuando hasta ahora no he tenido m\u00e1s que rechazos por la actividad que realiza mi hijo. <\/div><\/div><\/div><div class=\"bt_bb_latest_posts_item\"><div class=\"bt_bb_latest_posts_item_image\"><img src=\"https:\/\/esporttalentcanarias.es\/wp-content\/uploads\/2018\/12\/hijas-leen-e1620643790367.jpg\" alt=\"Mis hijas leen y juegan\" title=\"Mis hijas leen y juegan\"><\/div><div class=\"bt_bb_latest_posts_item_content\"><div class=\"bt_bb_latest_posts_item_category\"><ul class=\"post-categories\">\n\t<li><a href=\"https:\/\/esporttalentcanarias.es\/en\/familia\/\" rel=\"category tag\">familia<\/a><\/li><\/ul><\/div><h5 class=\"bt_bb_latest_posts_item_title\"><a href=\"https:\/\/esporttalentcanarias.es\/en\/2018\/03\/25\/mis-hijas-leen-y-juegan\/\" target=\"_self\">Mis hijas leen y juegan<\/a><\/h5><div class=\"bt_bb_latest_posts_item_excerpt\">Cuando era ni\u00f1o le preguntaba a mi padre qu\u00e9 quer\u00eda que estudiase de mayor y \u00e9l siempre me respond\u00eda lo mismo: \"Medicina, no hay ning\u00fan m\u00e9dico en la familia y cuando me ponga enfermo quiero que me cures\". <\/div><\/div><\/div><\/div><\/div><\/div><\/div><\/div><\/div><div class=\"bt_bb_row_wrapper\"><div  class=\"bt_bb_row\"  data-bt-override-class=\"{}\"><div  class=\"bt_bb_column col-xl-12 bt_bb_vertical_align_top bt_bb_align_left bt_bb_padding_normal\"  data-width=\"12\" data-bt-override-class=\"{}\"><div class=\"bt_bb_column_content\"><div class=\"bt_bb_column_content_inner\"><div class=\"bt_bb_separator bt_bb_border_style_none bt_bb_top_spacing_normal bt_bb_bottom_spacing_normal\" data-bt-override-class=\"null\"><\/div><header class=\"bt_bb_headline bt_bb_font_weight_light bt_bb_color_scheme_5 bt_bb_dash_none bt_bb_size_normal bt_bb_align_inherit\" style=\"; --primary-color:#191919; --secondary-color:#e87812;\" data-bt-override-class=\"{}\"><h2 class=\"bt_bb_headline_tag\"><span class=\"bt_bb_headline_content\"><span>CONTACT US<\/span><\/span><\/h2><\/header><div class=\"bt_bb_separator bt_bb_border_style_none bt_bb_top_spacing_normal bt_bb_bottom_spacing_normal\" data-bt-override-class=\"null\"><\/div><\/div><\/div><\/div><\/div><\/div><div class=\"bt_bb_row_wrapper\"><div  class=\"bt_bb_row\"  data-bt-override-class=\"{}\"><div  class=\"bt_bb_column col-xl-6 bt_bb_vertical_align_top bt_bb_align_left bt_bb_padding_normal\"  data-width=\"6\" data-bt-override-class=\"{}\"><div class=\"bt_bb_column_content\"><div class=\"bt_bb_column_content_inner\"><div  class=\"bt_bb_text\" >\n<div class=\"wpcf7 no-js\" id=\"wpcf7-f2376-o1\" lang=\"es-ES\" dir=\"ltr\">\n<div class=\"screen-reader-response\"><p role=\"status\" aria-live=\"polite\" aria-atomic=\"true\"><\/p> <ul><\/ul><\/div>\n<form action=\"\/en\/wp-json\/wp\/v2\/pages\/154#wpcf7-f2376-o1\" method=\"post\" class=\"wpcf7-form init\" aria-label=\"Formulario de contacto\" novalidate=\"novalidate\" data-status=\"init\" data-trp-original-action=\"\/en\/wp-json\/wp\/v2\/pages\/154#wpcf7-f2376-o1\">\n<div style=\"display: none;\">\n<input type=\"hidden\" name=\"_wpcf7\" value=\"2376\" \/>\n<input type=\"hidden\" name=\"_wpcf7_version\" value=\"5.7.4\" \/>\n<input type=\"hidden\" name=\"_wpcf7_locale\" value=\"es_ES\" \/>\n<input type=\"hidden\" name=\"_wpcf7_unit_tag\" value=\"wpcf7-f2376-o1\" \/>\n<input type=\"hidden\" name=\"_wpcf7_container_post\" value=\"0\" \/>\n<input type=\"hidden\" name=\"_wpcf7_posted_data_hash\" value=\"\" \/>\n<\/div>\n<p><label> Name (required)<br \/>\n<span class=\"wpcf7-form-control-wrap\" data-name=\"your-name\"><input size=\"40\" class=\"wpcf7-form-control wpcf7-text wpcf7-validates-as-required\" aria-required=\"true\" aria-invalid=\"false\" value=\"\" type=\"text\" name=\"your-name\" \/><\/span> <\/label>\n<\/p>\n<p><label> Email (required)<br \/>\n<span class=\"wpcf7-form-control-wrap\" data-name=\"your-email\"><input size=\"40\" class=\"wpcf7-form-control wpcf7-text wpcf7-email wpcf7-validates-as-required wpcf7-validates-as-email\" aria-required=\"true\" aria-invalid=\"false\" value=\"\" type=\"email\" name=\"your-email\" \/><\/span> <\/label>\n<\/p>\n<p><label> Topic<br \/>\n<span class=\"wpcf7-form-control-wrap\" data-name=\"your-subject\"><input size=\"40\" class=\"wpcf7-form-control wpcf7-text\" aria-invalid=\"false\" value=\"\" type=\"text\" name=\"your-subject\" \/><\/span> <\/label>\n<\/p>\n<p><label> Message<br \/>\n<span class=\"wpcf7-form-control-wrap\" data-name=\"your-message\"><textarea cols=\"40\" rows=\"10\" class=\"wpcf7-form-control wpcf7-textarea\" aria-invalid=\"false\" name=\"your-message\"><\/textarea><\/span> <\/label>\n<\/p>\n<p><input class=\"wpcf7-form-control has-spinner wpcf7-submit\" type=\"submit\" value=\"Send\" \/>\n<\/p><p style=\"display: none !important;\"><label>&#916;<textarea name=\"_wpcf7_ak_hp_textarea\" cols=\"45\" rows=\"8\" maxlength=\"100\"><\/textarea><\/label><input type=\"hidden\" id=\"ak_js_1\" name=\"_wpcf7_ak_js\" value=\"118\"\/><script>document.getElementById( \"ak_js_1\" ).setAttribute( \"value\", ( new Date() ).getTime() );<\/script><\/p><div class=\"wpcf7-response-output\" aria-hidden=\"true\"><\/div>\n<input type=\"hidden\" name=\"trp-form-language\" value=\"en\"\/><\/form>\n<\/div>\n<\/div><\/div><\/div><\/div><div  class=\"bt_bb_column col-xl-6 bt_bb_vertical_align_top bt_bb_align_left bt_bb_padding_normal\"  data-width=\"6\" data-bt-override-class=\"{}\"><div class=\"bt_bb_column_content\"><div class=\"bt_bb_column_content_inner\"><div class=\"bt_bb_image bt_bb_shape_square bt_bb_target_self bt_bb_align_inherit bt_bb_hover_style_simple bt_bb_content_display_always bt_bb_content_align_middle\" data-bt-override-class=\"{}\"><span><img width=\"1280\" height=\"1280\" src=\"https:\/\/esporttalentcanarias.es\/wp-content\/uploads\/2018\/12\/DSCF5073-copia-1280x1280.jpg\" class=\"attachment-boldthemes_large_square size-boldthemes_large_square\" alt=\"https:\/\/esporttalentcanarias.es\/wp-content\/uploads\/2018\/12\/DSCF5073-copia-1280x1280.jpg\" data-full_image_src=\"https:\/\/esporttalentcanarias.es\/wp-content\/uploads\/2018\/12\/DSCF5073-copia-e1544197923714.jpg\" title=\"DSCF5073 copia\" srcset=\"https:\/\/esporttalentcanarias.es\/wp-content\/uploads\/2018\/12\/DSCF5073-copia-1280x1280.jpg 1280w, https:\/\/esporttalentcanarias.es\/wp-content\/uploads\/2018\/12\/DSCF5073-copia-160x160.jpg 160w, https:\/\/esporttalentcanarias.es\/wp-content\/uploads\/2018\/12\/DSCF5073-copia-320x320.jpg 320w, https:\/\/esporttalentcanarias.es\/wp-content\/uploads\/2018\/12\/DSCF5073-copia-640x640.jpg 640w\" sizes=\"(max-width: 1280px) 100vw, 1280px\" \/><\/span><\/div><\/div><\/div><\/div><\/div><\/div><\/div><!-- cell_inner --><\/div><!-- cell --><\/div><!-- port --><\/section><section id=\"bt_bb_section69e35caef2d8d\" class=\"bt_bb_section bt_bb_layout_boxed_1200\"  data-bt-override-class=\"null\"><div class=\"bt_bb_port\"><div class=\"bt_bb_cell\"><div class=\"bt_bb_cell_inner\"><div class=\"bt_bb_row_wrapper\"><div  class=\"bt_bb_row\"  data-bt-override-class=\"{}\"><div  class=\"bt_bb_column col-xl-12 bt_bb_vertical_align_top bt_bb_align_left bt_bb_padding_normal\"  data-width=\"12\" data-bt-override-class=\"{}\"><div class=\"bt_bb_column_content\"><div class=\"bt_bb_column_content_inner\"><div class=\"bt_bb_separator bt_bb_border_style_none bt_bb_top_spacing_normal\" data-bt-override-class=\"null\"><\/div><div class=\"bt_bb_image bt_bb_shape_square bt_bb_target_self bt_bb_align_inherit bt_bb_hover_style_simple bt_bb_content_display_always bt_bb_content_align_middle\" data-bt-override-class=\"{&quot;bt_bb_align_&quot;:{&quot;current_class&quot;:&quot;bt_bb_align_inherit&quot;,&quot;xl&quot;:&quot;inherit&quot;}}\"><span><img width=\"1280\" height=\"76\" src=\"https:\/\/esporttalentcanarias.es\/wp-content\/uploads\/2021\/04\/logos_lado-1.png\" class=\"attachment-full size-full\" alt=\"https:\/\/esporttalentcanarias.es\/wp-content\/uploads\/2021\/04\/logos_lado-1.png\" data-full_image_src=\"https:\/\/esporttalentcanarias.es\/wp-content\/uploads\/2021\/04\/logos_lado-1.png\" title=\"logos_lado\" srcset=\"https:\/\/esporttalentcanarias.es\/wp-content\/uploads\/2021\/04\/logos_lado-1.png 1280w, https:\/\/esporttalentcanarias.es\/wp-content\/uploads\/2021\/04\/logos_lado-1-640x38.png 640w, https:\/\/esporttalentcanarias.es\/wp-content\/uploads\/2021\/04\/logos_lado-1-768x46.png 768w, https:\/\/esporttalentcanarias.es\/wp-content\/uploads\/2021\/04\/logos_lado-1-320x19.png 320w\" sizes=\"(max-width: 1280px) 100vw, 1280px\" \/><\/span><\/div><div class=\"bt_bb_separator bt_bb_border_style_none bt_bb_top_spacing_normal bt_bb_bottom_spacing_small\" data-bt-override-class=\"null\"><\/div><\/div><\/div><\/div><\/div><\/div><\/div><!-- cell_inner --><\/div><!-- cell --><\/div><!-- port --><\/section>","protected":false},"excerpt":{"rendered":"","protected":false},"author":3,"featured_media":2276,"parent":18,"menu_order":0,"comment_status":"closed","ping_status":"closed","template":"","meta":{"_mi_skip_tracking":false},"yoast_head":"<!-- This site is optimized with the Yoast SEO plugin v19.3 - https:\/\/yoast.com\/wordpress\/plugins\/seo\/ -->\n<title>Familia - esporttalencanarias<\/title>\n<meta name=\"robots\" content=\"index, follow, max-snippet:-1, max-image-preview:large, max-video-preview:-1\" \/>\n<link rel=\"canonical\" href=\"https:\/\/esporttalentcanarias.es\/en\/divulgacion\/familia\/\" \/>\n<meta property=\"og:locale\" content=\"en_US\" \/>\n<meta property=\"og:type\" content=\"article\" \/>\n<meta property=\"og:title\" content=\"Familia - esporttalencanarias\" \/>\n<meta property=\"og:url\" content=\"https:\/\/esporttalentcanarias.es\/en\/divulgacion\/familia\/\" \/>\n<meta property=\"og:site_name\" content=\"esporttalencanarias\" \/>\n<meta property=\"article:modified_time\" content=\"2021-05-05T09:54:16+00:00\" \/>\n<meta property=\"og:image\" content=\"https:\/\/esporttalentcanarias.es\/wp-content\/uploads\/2018\/12\/bg_003_a.png\" \/>\n\t<meta property=\"og:image:width\" content=\"2050\" \/>\n\t<meta property=\"og:image:height\" content=\"1280\" \/>\n\t<meta property=\"og:image:type\" content=\"image\/png\" \/>\n<meta name=\"twitter:card\" content=\"summary_large_image\" \/>\n<meta name=\"twitter:label1\" content=\"Est. reading time\" \/>\n\t<meta name=\"twitter:data1\" content=\"3 minutes\" \/>\n<script type=\"application\/ld+json\" class=\"yoast-schema-graph\">{\"@context\":\"https:\/\/schema.org\",\"@graph\":[{\"@type\":\"Organization\",\"@id\":\"https:\/\/esporttalentcanarias.es\/#organization\",\"name\":\"Esport talent canarias\",\"url\":\"https:\/\/esporttalentcanarias.es\/\",\"sameAs\":[],\"logo\":{\"@type\":\"ImageObject\",\"inLanguage\":\"en-US\",\"@id\":\"https:\/\/esporttalentcanarias.es\/#\/schema\/logo\/image\/\",\"url\":\"https:\/\/esporttalentcanarias.es\/wp-content\/uploads\/2019\/06\/cropped-esport-abajo-1.png\",\"contentUrl\":\"https:\/\/esporttalentcanarias.es\/wp-content\/uploads\/2019\/06\/cropped-esport-abajo-1.png\",\"width\":512,\"height\":512,\"caption\":\"Esport talent canarias\"},\"image\":{\"@id\":\"https:\/\/esporttalentcanarias.es\/#\/schema\/logo\/image\/\"}},{\"@type\":\"WebSite\",\"@id\":\"https:\/\/esporttalentcanarias.es\/#website\",\"url\":\"https:\/\/esporttalentcanarias.es\/\",\"name\":\"esporttalencanarias\",\"description\":\"eSportTalents\",\"publisher\":{\"@id\":\"https:\/\/esporttalentcanarias.es\/#organization\"},\"potentialAction\":[{\"@type\":\"SearchAction\",\"target\":{\"@type\":\"EntryPoint\",\"urlTemplate\":\"https:\/\/esporttalentcanarias.es\/?s={search_term_string}\"},\"query-input\":\"required name=search_term_string\"}],\"inLanguage\":\"en-US\"},{\"@type\":\"ImageObject\",\"inLanguage\":\"en-US\",\"@id\":\"https:\/\/esporttalentcanarias.es\/divulgacion\/familia\/#primaryimage\",\"url\":\"https:\/\/esporttalentcanarias.es\/wp-content\/uploads\/2018\/12\/bg_003_a.png\",\"contentUrl\":\"https:\/\/esporttalentcanarias.es\/wp-content\/uploads\/2018\/12\/bg_003_a.png\",\"width\":2050,\"height\":1280},{\"@type\":\"WebPage\",\"@id\":\"https:\/\/esporttalentcanarias.es\/divulgacion\/familia\/\",\"url\":\"https:\/\/esporttalentcanarias.es\/divulgacion\/familia\/\",\"name\":\"Familia - esporttalencanarias\",\"isPartOf\":{\"@id\":\"https:\/\/esporttalentcanarias.es\/#website\"},\"primaryImageOfPage\":{\"@id\":\"https:\/\/esporttalentcanarias.es\/divulgacion\/familia\/#primaryimage\"},\"datePublished\":\"2017-10-27T09:04:12+00:00\",\"dateModified\":\"2021-05-05T09:54:16+00:00\",\"breadcrumb\":{\"@id\":\"https:\/\/esporttalentcanarias.es\/divulgacion\/familia\/#breadcrumb\"},\"inLanguage\":\"en-US\",\"potentialAction\":[{\"@type\":\"ReadAction\",\"target\":[\"https:\/\/esporttalentcanarias.es\/divulgacion\/familia\/\"]}]},{\"@type\":\"BreadcrumbList\",\"@id\":\"https:\/\/esporttalentcanarias.es\/divulgacion\/familia\/#breadcrumb\",\"itemListElement\":[{\"@type\":\"ListItem\",\"position\":1,\"name\":\"Portada\",\"item\":\"https:\/\/esporttalentcanarias.es\/\"},{\"@type\":\"ListItem\",\"position\":2,\"name\":\"Divulgaci\u00f3n\",\"item\":\"https:\/\/esporttalentcanarias.es\/divulgacion\/\"},{\"@type\":\"ListItem\",\"position\":3,\"name\":\"Familia\"}]}]}<\/script>\n<!-- \/ Yoast SEO plugin. -->","yoast_head_json":{"title":"Familia - esporttalencanarias","robots":{"index":"index","follow":"follow","max-snippet":"max-snippet:-1","max-image-preview":"max-image-preview:large","max-video-preview":"max-video-preview:-1"},"canonical":"https:\/\/esporttalentcanarias.es\/en\/divulgacion\/familia\/","og_locale":"en_US","og_type":"article","og_title":"Familia - esporttalencanarias","og_url":"https:\/\/esporttalentcanarias.es\/en\/divulgacion\/familia\/","og_site_name":"esporttalencanarias","article_modified_time":"2021-05-05T09:54:16+00:00","og_image":[{"width":2050,"height":1280,"url":"https:\/\/esporttalentcanarias.es\/wp-content\/uploads\/2018\/12\/bg_003_a.png","type":"image\/png"}],"twitter_card":"summary_large_image","twitter_misc":{"Est. reading time":"3 minutes"},"schema":{"@context":"https:\/\/schema.org","@graph":[{"@type":"Organization","@id":"https:\/\/esporttalentcanarias.es\/#organization","name":"Esport talent canarias","url":"https:\/\/esporttalentcanarias.es\/","sameAs":[],"logo":{"@type":"ImageObject","inLanguage":"en-US","@id":"https:\/\/esporttalentcanarias.es\/#\/schema\/logo\/image\/","url":"https:\/\/esporttalentcanarias.es\/wp-content\/uploads\/2019\/06\/cropped-esport-abajo-1.png","contentUrl":"https:\/\/esporttalentcanarias.es\/wp-content\/uploads\/2019\/06\/cropped-esport-abajo-1.png","width":512,"height":512,"caption":"Esport talent canarias"},"image":{"@id":"https:\/\/esporttalentcanarias.es\/#\/schema\/logo\/image\/"}},{"@type":"WebSite","@id":"https:\/\/esporttalentcanarias.es\/#website","url":"https:\/\/esporttalentcanarias.es\/","name":"esporttalencanarias","description":"eSportTalents","publisher":{"@id":"https:\/\/esporttalentcanarias.es\/#organization"},"potentialAction":[{"@type":"SearchAction","target":{"@type":"EntryPoint","urlTemplate":"https:\/\/esporttalentcanarias.es\/?s={search_term_string}"},"query-input":"required name=search_term_string"}],"inLanguage":"en-US"},{"@type":"ImageObject","inLanguage":"en-US","@id":"https:\/\/esporttalentcanarias.es\/divulgacion\/familia\/#primaryimage","url":"https:\/\/esporttalentcanarias.es\/wp-content\/uploads\/2018\/12\/bg_003_a.png","contentUrl":"https:\/\/esporttalentcanarias.es\/wp-content\/uploads\/2018\/12\/bg_003_a.png","width":2050,"height":1280},{"@type":"WebPage","@id":"https:\/\/esporttalentcanarias.es\/divulgacion\/familia\/","url":"https:\/\/esporttalentcanarias.es\/divulgacion\/familia\/","name":"Familia - esporttalencanarias","isPartOf":{"@id":"https:\/\/esporttalentcanarias.es\/#website"},"primaryImageOfPage":{"@id":"https:\/\/esporttalentcanarias.es\/divulgacion\/familia\/#primaryimage"},"datePublished":"2017-10-27T09:04:12+00:00","dateModified":"2021-05-05T09:54:16+00:00","breadcrumb":{"@id":"https:\/\/esporttalentcanarias.es\/divulgacion\/familia\/#breadcrumb"},"inLanguage":"en-US","potentialAction":[{"@type":"ReadAction","target":["https:\/\/esporttalentcanarias.es\/divulgacion\/familia\/"]}]},{"@type":"BreadcrumbList","@id":"https:\/\/esporttalentcanarias.es\/divulgacion\/familia\/#breadcrumb","itemListElement":[{"@type":"ListItem","position":1,"name":"Portada","item":"https:\/\/esporttalentcanarias.es\/"},{"@type":"ListItem","position":2,"name":"Divulgaci\u00f3n","item":"https:\/\/esporttalentcanarias.es\/divulgacion\/"},{"@type":"ListItem","position":3,"name":"Familia"}]}]}},"_links":{"self":[{"href":"https:\/\/esporttalentcanarias.es\/en\/wp-json\/wp\/v2\/pages\/154"}],"collection":[{"href":"https:\/\/esporttalentcanarias.es\/en\/wp-json\/wp\/v2\/pages"}],"about":[{"href":"https:\/\/esporttalentcanarias.es\/en\/wp-json\/wp\/v2\/types\/page"}],"author":[{"embeddable":true,"href":"https:\/\/esporttalentcanarias.es\/en\/wp-json\/wp\/v2\/users\/3"}],"replies":[{"embeddable":true,"href":"https:\/\/esporttalentcanarias.es\/en\/wp-json\/wp\/v2\/comments?post=154"}],"version-history":[{"count":22,"href":"https:\/\/esporttalentcanarias.es\/en\/wp-json\/wp\/v2\/pages\/154\/revisions"}],"predecessor-version":[{"id":4692,"href":"https:\/\/esporttalentcanarias.es\/en\/wp-json\/wp\/v2\/pages\/154\/revisions\/4692"}],"up":[{"embeddable":true,"href":"https:\/\/esporttalentcanarias.es\/en\/wp-json\/wp\/v2\/pages\/18"}],"wp:featuredmedia":[{"embeddable":true,"href":"https:\/\/esporttalentcanarias.es\/en\/wp-json\/wp\/v2\/media\/2276"}],"wp:attachment":[{"href":"https:\/\/esporttalentcanarias.es\/en\/wp-json\/wp\/v2\/media?parent=154"}],"curies":[{"name":"wp","href":"https:\/\/api.w.org\/{rel}","templated":true}]}}